{"id":1605,"date":"2024-03-12T15:26:42","date_gmt":"2024-03-12T14:26:42","guid":{"rendered":"https:\/\/kim24.preprod.lesnovateurs.io\/home\/"},"modified":"2024-04-11T10:30:57","modified_gmt":"2024-04-11T08:30:57","slug":"home","status":"publish","type":"page","link":"https:\/\/kim24.preprod.lesnovateurs.io\/es\/","title":{"rendered":"Accueil"},"content":{"rendered":"<div class=\"wpb-content-wrapper\"><p>[vc_row full_width=\u00bbstretch_row\u00bb css=\u00bb.vc_custom_1710435206694{padding-top: 200px !important;padding-bottom: 100px !important;}\u00bb][vc_column width=\u00bb5\/12&#8243;][vc_column_text css_animation=\u00bbfadeInLeft\u00bb el_class=\u00bbturquoise\u00bb]<\/p>\n<h1>\u00a1Pongamos<br \/>\ntodas las<br \/>\nposibilidades<br \/>\ndel lado<br \/>\nde los<br \/>\n<span class=\"blanc\">porteros!<\/span><\/h1>\n<p>[\/vc_column_text][vc_column_text css_animation=\u00bbfadeInLeft\u00bb el_class=\u00bbblanc gras font16&#8243;]KIM (Keeper In Motion) : Su Socio de Excelencia para el Arte del Portero. Maximice su potencial, desarrolle sus habilidades y alcance la excelencia gracias a nuestro ecosistema completo dedicado a los porteros, desde aficionados hasta profesionales.[\/vc_column_text][\/vc_column][vc_column width=\u00bb7\/12&#8243;][\/vc_column][\/vc_row][vc_row full_width=\u00bbstretch_row\u00bb equal_height=\u00bbyes\u00bb content_placement=\u00bbmiddle\u00bb el_class=\u00bbdiagonal home1&#8243;][vc_column width=\u00bb1\/2&#8243;][vc_single_image image=\u00bb43&#8243; img_size=\u00bbfull\u00bb alignment=\u00bbcenter\u00bb][\/vc_column][vc_column css_animation=\u00bbfadeInRight\u00bb width=\u00bb1\/2&#8243;][vc_column_text el_class=\u00bbrose\u00bb]<\/p>\n<h2><span class=\"blanc\">La aplicaci\u00f3n KIM<br \/>\npara<\/span> Mejora<br \/>\ntu juego,<br \/>\nsupera tus<br \/>\nl\u00edmites.<\/h2>\n<p>[\/vc_column_text][vc_column_text el_class=\u00bbblanc light font16 paddingright200&#8243;]Una herramienta sencilla y eficaz para identificar los diferentes elementos a trabajar para hacer progresar al portero.[\/vc_column_text][vc_btn title=\u00bbDescubrir\u00bb link=\u00bburl:https%3A%2F%2Fkim24.preprod.lesnovateurs.io%2Fes%2Faplicacion-para-porteros%2F|title:L%E2%80%99application|\u00bb css=\u00bb.vc_custom_1710584073092{margin-top: 30px !important;}\u00bb][\/vc_column][\/vc_row][vc_row full_width=\u00bbstretch_row\u00bb parallax=\u00bbcontent-moving\u00bb parallax_image=\u00bb56&#8243; parallax_speed_bg=\u00bb2&#8243;][vc_column css=\u00bb.vc_custom_1710345385830{padding-top: 300px !important;}\u00bb][vc_column_text el_class=\u00bbbleu\u00bb css=\u00bb.vc_custom_1710584106496{padding-bottom: 60px !important;}\u00bb]<\/p>\n<h2><span class=\"blanc\">NUESTROS SERVICIOS,<\/span><br \/>\nTU \u00c9XITO<\/h2>\n<p>[\/vc_column_text][\/vc_column][\/vc_row][vc_row full_width=\u00bbstretch_row\u00bb gap=\u00bb35&#8243; content_placement=\u00bbmiddle\u00bb css_animation=\u00bbnone\u00bb el_class=\u00bbdiagonal home2&#8243;][vc_column width=\u00bb1\/4&#8243;][vc_column_text el_class=\u00bbblanc gras\u00bb css=\u00bb.vc_custom_1710347248961{margin-bottom: 0px !important;}\u00bb]<\/p>\n<h3 style=\"text-align: center;\">KIM-CAMPS<\/h3>\n<p>[\/vc_column_text][vc_column_text el_class=\u00bbblanc light\u00bb]<\/p>\n<p style=\"text-align: center;\">Perfecciona tus habilidades durante nuestras reuniones.<\/p>\n<p>[\/vc_column_text][vc_btn title=\u00bb\u00bb align=\u00bbcenter\u00bb i_icon_fontawesome=\u00bbfas fa-plus\u00bb add_icon=\u00bbtrue\u00bb link=\u00bburl:https%3A%2F%2Fkim24.preprod.lesnovateurs.io%2Fes%2Fservicios%2Fkimcamp%2F|title:KimCamp|\u00bb el_class=\u00bbmore\u00bb][\/vc_column][vc_column width=\u00bb1\/4&#8243;][vc_column_text el_class=\u00bbblanc gras\u00bb css=\u00bb.vc_custom_1710347298080{margin-bottom: 0px !important;}\u00bb]<\/p>\n<h3 style=\"text-align: center;\">KIM-CUP<\/h3>\n<p>[\/vc_column_text][vc_column_text el_class=\u00bbblanc light\u00bb]<\/p>\n<p style=\"text-align: center;\">Participa en torneos emocionantes.<\/p>\n<p>[\/vc_column_text][vc_btn title=\u00bb\u00bb align=\u00bbcenter\u00bb i_icon_fontawesome=\u00bbfas fa-plus\u00bb add_icon=\u00bbtrue\u00bb link=\u00bburl:https%3A%2F%2Fkim24.preprod.lesnovateurs.io%2Fes%2Fservicios%2Fkimcup%2F|title:KimCup|\u00bb el_class=\u00bbmore\u00bb][\/vc_column][vc_column width=\u00bb1\/4&#8243;][vc_column_text el_class=\u00bbblanc gras\u00bb css=\u00bb.vc_custom_1710347307853{margin-bottom: 0px !important;}\u00bb]<\/p>\n<h3 style=\"text-align: center;\">KEEPEXPERT<\/h3>\n<p>[\/vc_column_text][vc_column_text el_class=\u00bbblanc light\u00bb]<\/p>\n<p style=\"text-align: center;\">Eval\u00faa tu potencial y apunta a la excelencia.<\/p>\n<p>[\/vc_column_text][vc_btn title=\u00bb\u00bb align=\u00bbcenter\u00bb i_icon_fontawesome=\u00bbfas fa-plus\u00bb add_icon=\u00bbtrue\u00bb link=\u00bburl:https%3A%2F%2Fkim24.preprod.lesnovateurs.io%2Fes%2Fservicios%2Fkeepexpert%2F|title:KeepExpert|\u00bb el_class=\u00bbmore\u00bb][\/vc_column][vc_column width=\u00bb1\/4&#8243;][vc_column_text el_class=\u00bbblanc gras\u00bb css=\u00bb.vc_custom_1710347315780{margin-bottom: 0px !important;}\u00bb]<\/p>\n<h3 style=\"text-align: center;\">KIM ACADEMY<\/h3>\n<p>[\/vc_column_text][vc_column_text el_class=\u00bbblanc light\u00bb]<\/p>\n<p style=\"text-align: center;\">Una red mundial de academias certificadas.<\/p>\n<p>[\/vc_column_text][vc_btn title=\u00bb\u00bb align=\u00bbcenter\u00bb i_icon_fontawesome=\u00bbfas fa-plus\u00bb add_icon=\u00bbtrue\u00bb link=\u00bburl:https%3A%2F%2Fkim24.preprod.lesnovateurs.io%2Fes%2Fservicios%2Fkimacademy%2F|title:Kim%20Academy|\u00bb el_class=\u00bbmore\u00bb][\/vc_column][\/vc_row][vc_row full_width=\u00bbstretch_row\u00bb parallax=\u00bbcontent-moving\u00bb parallax_image=\u00bb1298&#8243; css=\u00bb.vc_custom_1710405763401{padding-top: 70px !important;padding-bottom: 100px !important;}\u00bb][vc_column width=\u00bb1\/2&#8243; css=\u00bb.vc_custom_1710348397177{padding-top: 150px !important;}\u00bb][vc_column_text el_class=\u00bbbleu\u00bb]<\/p>\n<h2><span class=\"blanc\">Deja que<br \/>\nla Pasi\u00f3n de<\/span><br \/>\nlos Porteros<br \/>\nte Inspire.<\/h2>\n<p>[\/vc_column_text][\/vc_column][vc_column width=\u00bb1\/2&#8243;][vc_tta_pageable no_fill_content_area=\u00bbtrue\u00bb autoplay=\u00bb10&#8243; active_section=\u00bb1&#8243; css_animation=\u00bbfadeInRight\u00bb][vc_tta_section title=\u00bbSection 1&#8243; tab_id=\u00bb1710348143501-90bb5e83-73c5&#8243;][vc_single_image image=\u00bb73&#8243; img_size=\u00bb135&#215;135&#8243; alignment=\u00bbcenter\u00bb][vc_column_text el_class=\u00bblight blanc\u00bb css=\u00bb.vc_custom_1710348275883{margin-bottom: 0px !important;}\u00bb]<\/p>\n<p style=\"text-align: center;\">Alex Martin<\/p>\n<p>[\/vc_column_text][vc_column_text el_class=\u00bbgras blanc fonction\u00bb css=\u00bb.vc_custom_1710584225842{margin-bottom: 0px !important;}\u00bb]<\/p>\n<p style=\"text-align: center;\">Portero de FC Annecy<\/p>\n<p>[\/vc_column_text][vc_column_text el_class=\u00bbblanc temoignage\u00bb]<\/p>\n<p style=\"text-align: center;\">KIM fue el punto de inflexi\u00f3n decisivo en mi carrera como portero. Gracias a su aplicaci\u00f3n, perfeccion\u00e9 mi rendimiento, y con KIM Premium, tuve la oportunidad de recibir orientaci\u00f3n de expertos. Los KIM-Camps me permitieron pulir mis habilidades en el campo. Recomiendo KIM a todos los porteros serios.<\/p>\n<p>[\/vc_column_text][\/vc_tta_section][\/vc_tta_pageable][\/vc_column][\/vc_row][vc_row full_width=\u00bbstretch_row\u00bb content_placement=\u00bbmiddle\u00bb el_class=\u00bbdiagonal home3&#8243;][vc_column][vc_column_text]<\/p>\n<h2 style=\"text-align: right;\"><span class=\"blanc\">La actualidad<\/span> KIM<\/h2>\n<p>[\/vc_column_text][vc_basic_grid post_type=\u00bbpost\u00bb max_items=\u00bb4&#8243; element_width=\u00bb3&#8243; item=\u00bb1287&#8243; grid_id=\u00bbvc_gid:1710753346386-50590a12-e714-10&#8243;][\/vc_column][\/vc_row][vc_row full_width=\u00bbstretch_row\u00bb parallax=\u00bbcontent-moving\u00bb parallax_image=\u00bb1296&#8243; css=\u00bb.vc_custom_1710405939004{padding-bottom: 100px !important;}\u00bb][vc_column css=\u00bb.vc_custom_1710348397177{padding-top: 150px !important;}\u00bb][vc_column_text el_class=\u00bbbleu\u00bb]<\/p>\n<h2><span class=\"blanc\">ELLOS HAN ADOPTADO<\/span><br \/>\nKEEPER IN MOTION<\/h2>\n<p>[\/vc_column_text][vc_tta_pageable no_fill_content_area=\u00bbtrue\u00bb active_section=\u00bb1&#8243; css_animation=\u00bbfadeIn\u00bb][vc_tta_section title=\u00bbSection 1&#8243; tab_id=\u00bb1710354598833-9e78c90f-17b8&#8243;][vc_row_inner el_class=\u00bbpartners\u00bb][vc_column_inner width=\u00bb1\/6&#8243;][vc_single_image image=\u00bb1291&#8243; img_size=\u00bbfull\u00bb alignment=\u00bbcenter\u00bb onclick=\u00bbcustom_link\u00bb img_link_target=\u00bb_blank\u00bb link=\u00bbhttps:\/\/www.strikersfcnorth.com\u00bb][\/vc_column_inner][vc_column_inner width=\u00bb1\/6&#8243;][vc_single_image image=\u00bb1293&#8243; img_size=\u00bbfull\u00bb alignment=\u00bbcenter\u00bb onclick=\u00bbcustom_link\u00bb img_link_target=\u00bb_blank\u00bb link=\u00bbhttps:\/\/www.fc-annecy.fr\/\u00bb][\/vc_column_inner][vc_column_inner width=\u00bb1\/6&#8243;][vc_single_image image=\u00bb1292&#8243; img_size=\u00bbfull\u00bb alignment=\u00bbcenter\u00bb onclick=\u00bbcustom_link\u00bb img_link_target=\u00bb_blank\u00bb link=\u00bbhttps:\/\/ligabrasileiradegoleiros.com\/\u00bb][\/vc_column_inner][vc_column_inner width=\u00bb1\/6&#8243;][vc_single_image image=\u00bb1294&#8243; img_size=\u00bbfull\u00bb alignment=\u00bbcenter\u00bb onclick=\u00bbcustom_link\u00bb img_link_target=\u00bb_blank\u00bb link=\u00bbhttps:\/\/etoile-carouge.ch\/\u00bb][\/vc_column_inner][vc_column_inner width=\u00bb1\/6&#8243;][vc_single_image image=\u00bb1290&#8243; img_size=\u00bbfull\u00bb alignment=\u00bbcenter\u00bb onclick=\u00bbcustom_link\u00bb img_link_target=\u00bb_blank\u00bb link=\u00bbhttps:\/\/gardiensdebut.fr\/\u00bb][\/vc_column_inner][vc_column_inner width=\u00bb1\/6&#8243;][vc_single_image image=\u00bb1289&#8243; img_size=\u00bbfull\u00bb alignment=\u00bbcenter\u00bb onclick=\u00bbcustom_link\u00bb img_link_target=\u00bb_blank\u00bb link=\u00bbhttps:\/\/xamax.ch\/\u00bb][\/vc_column_inner][\/vc_row_inner][\/vc_tta_section][\/vc_tta_pageable][\/vc_column][\/vc_row][vc_row full_width=\u00bbstretch_row\u00bb content_placement=\u00bbtop\u00bb el_class=\u00bbdiagonal home4&#8243; css=\u00bb.vc_custom_1710492327662{padding-top: 60px !important;}\u00bb][vc_column width=\u00bb5\/12&#8243;][vc_column_text el_class=\u00bbfs32 paddingright100&#8243;]<\/p>\n<h2 style=\"text-align: left;\"><span class=\"blanc\">\u00bfEst\u00e1 interesado en Kim o desea m\u00e1s informaci\u00f3n?<\/span><br \/>\nNos encantar\u00eda discutirlo con usted.<\/h2>\n<p>[\/vc_column_text][\/vc_column][vc_column width=\u00bb6\/12&#8243; el_class=\u00bbpaddingright100&#8243;]\n<div class=\"wpcf7 no-js\" id=\"wpcf7-f1674-o1\" lang=\"fr-FR\" dir=\"ltr\" data-wpcf7-id=\"1674\">\n<div class=\"screen-reader-response\"><p role=\"status\" aria-live=\"polite\" aria-atomic=\"true\"><\/p> <ul><\/ul><\/div>\n<form action=\"\/es\/wp-json\/wp\/v2\/pages\/1605#wpcf7-f1674-o1\" method=\"post\" class=\"wpcf7-form init\" aria-label=\"Formulaire de contact\" novalidate=\"novalidate\" data-status=\"init\">\n<fieldset class=\"hidden-fields-container\"><input type=\"hidden\" name=\"_wpcf7\" value=\"1674\" \/><input type=\"hidden\" name=\"_wpcf7_version\" value=\"6.1.5\" \/><input type=\"hidden\" name=\"_wpcf7_locale\" value=\"fr_FR\" \/><input type=\"hidden\" name=\"_wpcf7_unit_tag\" value=\"wpcf7-f1674-o1\" \/><input type=\"hidden\" name=\"_wpcf7_container_post\" value=\"0\" \/><input type=\"hidden\" name=\"_wpcf7_posted_data_hash\" value=\"\" \/><input type=\"hidden\" name=\"_wpcf7cf_hidden_group_fields\" value=\"[]\" \/><input type=\"hidden\" name=\"_wpcf7cf_hidden_groups\" value=\"[]\" \/><input type=\"hidden\" name=\"_wpcf7cf_visible_groups\" value=\"[]\" \/><input type=\"hidden\" name=\"_wpcf7cf_repeaters\" value=\"[]\" \/><input type=\"hidden\" name=\"_wpcf7cf_steps\" value=\"{}\" \/><input type=\"hidden\" name=\"_wpcf7cf_options\" value=\"{&quot;form_id&quot;:1674,&quot;conditions&quot;:[],&quot;settings&quot;:{&quot;animation&quot;:&quot;yes&quot;,&quot;animation_intime&quot;:200,&quot;animation_outtime&quot;:200,&quot;conditions_ui&quot;:&quot;normal&quot;,&quot;notice_dismissed&quot;:false}}\" \/><input type=\"hidden\" name=\"_wpcf7dtx_version\" value=\"5.0.2\" \/><input type=\"hidden\" name=\"_wpcf7_recaptcha_response\" value=\"\" \/>\n<\/fieldset>\n<div class=\"prenom\">\n\t<p><span class=\"wpcf7-form-control-wrap\" data-name=\"prenom\"><input size=\"40\" maxlength=\"400\" class=\"wpcf7-form-control wpcf7-text wpcf7-validates-as-required\" aria-required=\"true\" aria-invalid=\"false\" placeholder=\"Su apellido\" value=\"\" type=\"text\" name=\"prenom\" \/><\/span>\n\t<\/p>\n<\/div>\n<div class=\"nom\">\n\t<p><span class=\"wpcf7-form-control-wrap\" data-name=\"nom\"><input size=\"40\" maxlength=\"400\" class=\"wpcf7-form-control wpcf7-text wpcf7-validates-as-required\" aria-required=\"true\" aria-invalid=\"false\" placeholder=\"Su nombre\" value=\"\" type=\"text\" name=\"nom\" \/><\/span>\n\t<\/p>\n<\/div>\n<div class=\"email\">\n\t<p><span class=\"wpcf7-form-control-wrap\" data-name=\"youremail\"><input size=\"40\" maxlength=\"400\" class=\"wpcf7-form-control wpcf7-email wpcf7-validates-as-required wpcf7-text wpcf7-validates-as-email\" autocomplete=\"email\" aria-required=\"true\" aria-invalid=\"false\" placeholder=\"Su correo electr\u00f3nico\" value=\"\" type=\"email\" name=\"youremail\" \/><\/span>\n\t<\/p>\n<\/div>\n<div class=\"message\">\n\t<p><span class=\"wpcf7-form-control-wrap\" data-name=\"yourmessage\"><textarea cols=\"40\" rows=\"10\" maxlength=\"2000\" class=\"wpcf7-form-control wpcf7-textarea\" aria-invalid=\"false\" placeholder=\"Su mensaje\" name=\"yourmessage\"><\/textarea><\/span>\n\t<\/p>\n<\/div>\n<div class=\"validation\">\n\t<p><span class=\"wpcf7-form-control-wrap\" data-name=\"validation\"><span class=\"wpcf7-form-control wpcf7-checkbox wpcf7-validates-as-required\"><span class=\"wpcf7-list-item first last\"><label><input type=\"checkbox\" name=\"validation[]\" value=\"Al utilizar este formulario de contacto, acepta que Kim almacene y utilice sus datos de acuerdo con nuestra pol\u00edtica de privacidad.\" \/><span class=\"wpcf7-list-item-label\">Al utilizar este formulario de contacto, acepta que Kim almacene y utilice sus datos de acuerdo con nuestra pol\u00edtica de privacidad.<\/span><\/label><\/span><\/span><\/span>\n\t<\/p>\n<\/div>\n<div class=\"envoi\">\n\t<p><input class=\"wpcf7-form-control wpcf7-submit has-spinner\" type=\"submit\" value=\"Enviar\" \/>\n\t<\/p>\n<\/div><div class=\"wpcf7-response-output\" aria-hidden=\"true\"><\/div>\n<\/form>\n<\/div>\n[\/vc_column][\/vc_row]<\/p>\n<\/div>","protected":false},"excerpt":{"rendered":"<p>[vc_row full_width=\u00bbstretch_row\u00bb css=\u00bb.vc_custom_1710435206694{padding-top: 200px !important;padding-bottom: 100px !important;}\u00bb][vc_column width=\u00bb5\/12&#8243;][vc_column_text [...]","protected":false},"author":1,"featured_media":0,"parent":0,"menu_order":0,"comment_status":"closed","ping_status":"open","template":"","meta":{"_acf_changed":false,"footnotes":""},"class_list":["post-1605","page","type-page","status-publish","hentry"],"acf":[],"_links":{"self":[{"href":"https:\/\/kim24.preprod.lesnovateurs.io\/es\/wp-json\/wp\/v2\/pages\/1605","targetHints":{"allow":["GET"]}}],"collection":[{"href":"https:\/\/kim24.preprod.lesnovateurs.io\/es\/wp-json\/wp\/v2\/pages"}],"about":[{"href":"https:\/\/kim24.preprod.lesnovateurs.io\/es\/wp-json\/wp\/v2\/types\/page"}],"author":[{"embeddable":true,"href":"https:\/\/kim24.preprod.lesnovateurs.io\/es\/wp-json\/wp\/v2\/users\/1"}],"replies":[{"embeddable":true,"href":"https:\/\/kim24.preprod.lesnovateurs.io\/es\/wp-json\/wp\/v2\/comments?post=1605"}],"version-history":[{"count":12,"href":"https:\/\/kim24.preprod.lesnovateurs.io\/es\/wp-json\/wp\/v2\/pages\/1605\/revisions"}],"predecessor-version":[{"id":1894,"href":"https:\/\/kim24.preprod.lesnovateurs.io\/es\/wp-json\/wp\/v2\/pages\/1605\/revisions\/1894"}],"wp:attachment":[{"href":"https:\/\/kim24.preprod.lesnovateurs.io\/es\/wp-json\/wp\/v2\/media?parent=1605"}],"curies":[{"name":"wp","href":"https:\/\/api.w.org\/{rel}","templated":true}]}}