{"id":1609,"date":"2024-03-12T15:39:50","date_gmt":"2024-03-12T14:39:50","guid":{"rendered":"https:\/\/kim24.preprod.lesnovateurs.io\/a-propos\/"},"modified":"2024-03-16T10:29:03","modified_gmt":"2024-03-16T09:29:03","slug":"quienes-somos","status":"publish","type":"page","link":"https:\/\/kim24.preprod.lesnovateurs.io\/es\/quienes-somos\/","title":{"rendered":"Qui\u00e9nes somos"},"content":{"rendered":"<div class=\"wpb-content-wrapper\"><p>[vc_row full_width=\u00bbstretch_row\u00bb css=\u00bb.vc_custom_1710433780041{padding-top: 200px !important;padding-bottom: 100px !important;}\u00bb el_class=\u00bbzindex10&#8243;][vc_column css_animation=\u00bbfadeInLeft\u00bb width=\u00bb5\/12&#8243;][vc_column_text el_class=\u00bbserviceskim\u00bb]QUI\u00c9NES SOMOS[\/vc_column_text][vc_column_text]<\/p>\n<h1><span class=\"blanc\">una historia<\/span><br \/>\nde pasi\u00f3n<\/h1>\n<p>[\/vc_column_text][vc_column_text el_class=\u00bbblanc gras paddingright200&#8243;]Proinde die funestis interrogationibus praestituto imaginarius iudex equitum resedit magister adhibitis aliis iam quae essent agenda praedoctis, et adsistebant hinc inde notarii, quid[\/vc_column_text][\/vc_column][vc_column width=\u00bb7\/12&#8243;][\/vc_column][\/vc_row][vc_row full_width=\u00bbstretch_row\u00bb gap=\u00bb35&#8243; equal_height=\u00bbyes\u00bb content_placement=\u00bbtop\u00bb el_class=\u00bbdiagonal propos zindex5&#8243; css=\u00bb.vc_custom_1710433878048{margin-top: -50px !important;padding-top: 100px !important;}\u00bb][vc_column css_animation=\u00bbfadeIn\u00bb width=\u00bb1\/3&#8243;][vc_single_image image=\u00bb1400&#8243; img_size=\u00bb220&#215;220&#8243; alignment=\u00bbcenter\u00bb][\/vc_column][vc_column width=\u00bb2\/3&#8243;][vc_column_text el_class=\u00bbblanc light\u00bb]KIM nace de la reuni\u00f3n entre James NAUFFRAY, fundador y l\u00edder del grupo Oakland, experto en datos estrat\u00e9gicos empresariales, y Thierry BARNERAT, considerado uno de los mejores expertos mundiales en la posici\u00f3n de portero, experto portero FIFA.<\/p>\n<p>Varias cosas clave los unen a pesar de que todo parezca separarlos:<\/p>\n<ul>\n<li>La pasi\u00f3n por el deporte en general y el f\u00fatbol en particular;<\/li>\n<li>Los datos como asistente para el rendimiento;<\/li>\n<li>El deseo y la capacidad de detectar nuevos enfoques en la evaluaci\u00f3n realmente objetiva y completa del rendimiento de un atleta.<\/li>\n<\/ul>\n<p>Hoy en d\u00eda en el mundo del f\u00fatbol amateur, preprofesional, y a veces incluso profesional, <strong>los clubes, reclutadores, entrenadores o familias<\/strong> necesitan poder <strong>evaluar de manera exhaustiva el potencial de sus porteros<\/strong>, su rendimiento en secuencias de juego de una manera <strong>simple, fiable y directa<\/strong>, y finalmente orientar sus sesiones de trabajo espec\u00edficas para que progresen.<\/p>\n<p>Sin embargo, actualmente no existe ning\u00fan enfoque para acompa\u00f1ar la progresi\u00f3n del portero de una manera hol\u00edstica.<\/p>\n<p>Por supuesto, existen aplicaciones hoy en d\u00eda para analizar los partidos. Tienen las siguientes caracter\u00edsticas:<\/p>\n<p>Basadas \u00fanicamente en im\u00e1genes, analizadas por algoritmos;<\/p>\n<ul>\n<li>Requieren un camar\u00f3grafo para identificar las im\u00e1genes relevantes para los entrenadores (solo en clubes profesionales);<\/li>\n<li>Solo tratan a los porteros en criterios reducidos y b\u00e1sicos (penales, goles);<\/li>\n<li>No permiten generar datos compartibles;<\/li>\n<li>Relativamente costosas.<\/li>\n<\/ul>\n<p>Estas aplicaciones est\u00e1n destinadas a estructuras deportivas profesionales y no permiten una evaluaci\u00f3n completa, objetiva y relevante del rendimiento de los porteros. Adem\u00e1s, se limitan al rendimiento en los partidos.[\/vc_column_text][vc_column_text el_class=\u00bbgras rose\u00bb]El ecosistema KIM es el primero en su tipo en el mundo en ofrecer un acompa\u00f1amiento completo en la evoluci\u00f3n del portero.[\/vc_column_text][\/vc_column][\/vc_row]<\/p>\n<\/div>","protected":false},"excerpt":{"rendered":"<p>[vc_row full_width=\u00bbstretch_row\u00bb css=\u00bb.vc_custom_1710433780041{padding-top: 200px !important;padding-bottom: 100px !important;}\u00bb el_class=\u00bbzindex10&#8243;][vc_column [...]","protected":false},"author":1,"featured_media":0,"parent":0,"menu_order":0,"comment_status":"closed","ping_status":"closed","template":"","meta":{"_acf_changed":false,"footnotes":""},"class_list":["post-1609","page","type-page","status-publish","hentry"],"acf":[],"_links":{"self":[{"href":"https:\/\/kim24.preprod.lesnovateurs.io\/es\/wp-json\/wp\/v2\/pages\/1609","targetHints":{"allow":["GET"]}}],"collection":[{"href":"https:\/\/kim24.preprod.lesnovateurs.io\/es\/wp-json\/wp\/v2\/pages"}],"about":[{"href":"https:\/\/kim24.preprod.lesnovateurs.io\/es\/wp-json\/wp\/v2\/types\/page"}],"author":[{"embeddable":true,"href":"https:\/\/kim24.preprod.lesnovateurs.io\/es\/wp-json\/wp\/v2\/users\/1"}],"replies":[{"embeddable":true,"href":"https:\/\/kim24.preprod.lesnovateurs.io\/es\/wp-json\/wp\/v2\/comments?post=1609"}],"version-history":[{"count":2,"href":"https:\/\/kim24.preprod.lesnovateurs.io\/es\/wp-json\/wp\/v2\/pages\/1609\/revisions"}],"predecessor-version":[{"id":1718,"href":"https:\/\/kim24.preprod.lesnovateurs.io\/es\/wp-json\/wp\/v2\/pages\/1609\/revisions\/1718"}],"wp:attachment":[{"href":"https:\/\/kim24.preprod.lesnovateurs.io\/es\/wp-json\/wp\/v2\/media?parent=1609"}],"curies":[{"name":"wp","href":"https:\/\/api.w.org\/{rel}","templated":true}]}}