{"id":1613,"date":"2024-03-12T15:40:17","date_gmt":"2024-03-12T14:40:17","guid":{"rendered":"https:\/\/kim24.preprod.lesnovateurs.io\/contact\/"},"modified":"2024-03-16T09:50:07","modified_gmt":"2024-03-16T08:50:07","slug":"contact","status":"publish","type":"page","link":"https:\/\/kim24.preprod.lesnovateurs.io\/es\/contact\/","title":{"rendered":"Contact"},"content":{"rendered":"<div class=\"wpb-content-wrapper\"><p>[vc_row full_width=\u00bbstretch_row\u00bb css=\u00bb.vc_custom_1710490935884{padding-top: 200px !important;}\u00bb][vc_column css=\u00bb.vc_custom_1710491430810{padding-bottom: 50px !important;}\u00bb][vc_column_text el_class=\u00bbserviceskim\u00bb]contact[\/vc_column_text][\/vc_column][\/vc_row][vc_row full_width=\u00bbstretch_row\u00bb content_placement=\u00bbtop\u00bb el_class=\u00bbdiagonal classique\u00bb][vc_column width=\u00bb5\/12&#8243;][vc_column_text el_class=\u00bbfs32 paddingright100&#8243;]<\/p>\n<h2><span class=\"blanc\">\u00bfEst\u00e1 interesado en KIM o desea m\u00e1s informaci\u00f3n?<\/span><br \/>\nEstaremos encantados de hablarlo con usted.<\/h2>\n<p>[\/vc_column_text][\/vc_column][vc_column width=\u00bb7\/12&#8243; el_class=\u00bbpaddingright100&#8243;]\n<div class=\"wpcf7 no-js\" id=\"wpcf7-f1674-o1\" lang=\"fr-FR\" dir=\"ltr\" data-wpcf7-id=\"1674\">\n<div class=\"screen-reader-response\"><p role=\"status\" aria-live=\"polite\" aria-atomic=\"true\"><\/p> <ul><\/ul><\/div>\n<form action=\"\/es\/wp-json\/wp\/v2\/pages\/1613#wpcf7-f1674-o1\" method=\"post\" class=\"wpcf7-form init\" aria-label=\"Formulaire de contact\" novalidate=\"novalidate\" data-status=\"init\">\n<fieldset class=\"hidden-fields-container\"><input type=\"hidden\" name=\"_wpcf7\" value=\"1674\" \/><input type=\"hidden\" name=\"_wpcf7_version\" value=\"6.1.5\" \/><input type=\"hidden\" name=\"_wpcf7_locale\" value=\"fr_FR\" \/><input type=\"hidden\" name=\"_wpcf7_unit_tag\" value=\"wpcf7-f1674-o1\" \/><input type=\"hidden\" name=\"_wpcf7_container_post\" value=\"0\" \/><input type=\"hidden\" name=\"_wpcf7_posted_data_hash\" value=\"\" \/><input type=\"hidden\" name=\"_wpcf7cf_hidden_group_fields\" value=\"[]\" \/><input type=\"hidden\" name=\"_wpcf7cf_hidden_groups\" value=\"[]\" \/><input type=\"hidden\" name=\"_wpcf7cf_visible_groups\" value=\"[]\" \/><input type=\"hidden\" name=\"_wpcf7cf_repeaters\" value=\"[]\" \/><input type=\"hidden\" name=\"_wpcf7cf_steps\" value=\"{}\" \/><input type=\"hidden\" name=\"_wpcf7cf_options\" value=\"{&quot;form_id&quot;:1674,&quot;conditions&quot;:[],&quot;settings&quot;:{&quot;animation&quot;:&quot;yes&quot;,&quot;animation_intime&quot;:200,&quot;animation_outtime&quot;:200,&quot;conditions_ui&quot;:&quot;normal&quot;,&quot;notice_dismissed&quot;:false}}\" \/><input type=\"hidden\" name=\"_wpcf7dtx_version\" value=\"5.0.2\" \/><input type=\"hidden\" name=\"_wpcf7_recaptcha_response\" value=\"\" \/>\n<\/fieldset>\n<div class=\"prenom\">\n\t<p><span class=\"wpcf7-form-control-wrap\" data-name=\"prenom\"><input size=\"40\" maxlength=\"400\" class=\"wpcf7-form-control wpcf7-text wpcf7-validates-as-required\" aria-required=\"true\" aria-invalid=\"false\" placeholder=\"Su apellido\" value=\"\" type=\"text\" name=\"prenom\" \/><\/span>\n\t<\/p>\n<\/div>\n<div class=\"nom\">\n\t<p><span class=\"wpcf7-form-control-wrap\" data-name=\"nom\"><input size=\"40\" maxlength=\"400\" class=\"wpcf7-form-control wpcf7-text wpcf7-validates-as-required\" aria-required=\"true\" aria-invalid=\"false\" placeholder=\"Su nombre\" value=\"\" type=\"text\" name=\"nom\" \/><\/span>\n\t<\/p>\n<\/div>\n<div class=\"email\">\n\t<p><span class=\"wpcf7-form-control-wrap\" data-name=\"youremail\"><input size=\"40\" maxlength=\"400\" class=\"wpcf7-form-control wpcf7-email wpcf7-validates-as-required wpcf7-text wpcf7-validates-as-email\" autocomplete=\"email\" aria-required=\"true\" aria-invalid=\"false\" placeholder=\"Su correo electr\u00f3nico\" value=\"\" type=\"email\" name=\"youremail\" \/><\/span>\n\t<\/p>\n<\/div>\n<div class=\"message\">\n\t<p><span class=\"wpcf7-form-control-wrap\" data-name=\"yourmessage\"><textarea cols=\"40\" rows=\"10\" maxlength=\"2000\" class=\"wpcf7-form-control wpcf7-textarea\" aria-invalid=\"false\" placeholder=\"Su mensaje\" name=\"yourmessage\"><\/textarea><\/span>\n\t<\/p>\n<\/div>\n<div class=\"validation\">\n\t<p><span class=\"wpcf7-form-control-wrap\" data-name=\"validation\"><span class=\"wpcf7-form-control wpcf7-checkbox wpcf7-validates-as-required\"><span class=\"wpcf7-list-item first last\"><label><input type=\"checkbox\" name=\"validation[]\" value=\"Al utilizar este formulario de contacto, acepta que Kim almacene y utilice sus datos de acuerdo con nuestra pol\u00edtica de privacidad.\" \/><span class=\"wpcf7-list-item-label\">Al utilizar este formulario de contacto, acepta que Kim almacene y utilice sus datos de acuerdo con nuestra pol\u00edtica de privacidad.<\/span><\/label><\/span><\/span><\/span>\n\t<\/p>\n<\/div>\n<div class=\"envoi\">\n\t<p><input class=\"wpcf7-form-control wpcf7-submit has-spinner\" type=\"submit\" value=\"Enviar\" \/>\n\t<\/p>\n<\/div><div class=\"wpcf7-response-output\" aria-hidden=\"true\"><\/div>\n<\/form>\n<\/div>\n[\/vc_column][\/vc_row]<\/p>\n<\/div>","protected":false},"excerpt":{"rendered":"<p>[vc_row full_width=\u00bbstretch_row\u00bb css=\u00bb.vc_custom_1710490935884{padding-top: 200px !important;}\u00bb][vc_column css=\u00bb.vc_custom_1710491430810{padding-bottom: 50px [...]","protected":false},"author":1,"featured_media":0,"parent":0,"menu_order":0,"comment_status":"closed","ping_status":"closed","template":"","meta":{"_acf_changed":false,"footnotes":""},"class_list":["post-1613","page","type-page","status-publish","hentry"],"acf":[],"_links":{"self":[{"href":"https:\/\/kim24.preprod.lesnovateurs.io\/es\/wp-json\/wp\/v2\/pages\/1613","targetHints":{"allow":["GET"]}}],"collection":[{"href":"https:\/\/kim24.preprod.lesnovateurs.io\/es\/wp-json\/wp\/v2\/pages"}],"about":[{"href":"https:\/\/kim24.preprod.lesnovateurs.io\/es\/wp-json\/wp\/v2\/types\/page"}],"author":[{"embeddable":true,"href":"https:\/\/kim24.preprod.lesnovateurs.io\/es\/wp-json\/wp\/v2\/users\/1"}],"replies":[{"embeddable":true,"href":"https:\/\/kim24.preprod.lesnovateurs.io\/es\/wp-json\/wp\/v2\/comments?post=1613"}],"version-history":[{"count":2,"href":"https:\/\/kim24.preprod.lesnovateurs.io\/es\/wp-json\/wp\/v2\/pages\/1613\/revisions"}],"predecessor-version":[{"id":1691,"href":"https:\/\/kim24.preprod.lesnovateurs.io\/es\/wp-json\/wp\/v2\/pages\/1613\/revisions\/1691"}],"wp:attachment":[{"href":"https:\/\/kim24.preprod.lesnovateurs.io\/es\/wp-json\/wp\/v2\/media?parent=1613"}],"curies":[{"name":"wp","href":"https:\/\/api.w.org\/{rel}","templated":true}]}}