{"id":1623,"date":"2024-03-12T15:38:46","date_gmt":"2024-03-12T14:38:46","guid":{"rendered":"https:\/\/kim24.preprod.lesnovateurs.io\/les-services\/kimcamp\/"},"modified":"2024-03-16T10:06:57","modified_gmt":"2024-03-16T09:06:57","slug":"kimcamp","status":"publish","type":"page","link":"https:\/\/kim24.preprod.lesnovateurs.io\/es\/servicios\/kimcamp\/","title":{"rendered":"KimCamp"},"content":{"rendered":"<div class=\"wpb-content-wrapper\"><p>[vc_row full_width=\u00bbstretch_row\u00bb css=\u00bb.vc_custom_1710410932106{padding-top: 200px !important;padding-bottom: 80px !important;}\u00bb el_class=\u00bbzindex10&#8243;][vc_column css_animation=\u00bbfadeInLeft\u00bb width=\u00bb5\/12&#8243;][vc_column_text el_class=\u00bbserviceskim\u00bb]SERVICES KIM[\/vc_column_text][vc_column_text]<\/p>\n<h1><span class=\"blanc\">KIMCAMP :<\/span><br \/>\n\u00a1Sum\u00e9rgete en<br \/>\nla acci\u00f3n!<\/h1>\n<p>[\/vc_column_text][vc_column_text el_class=\u00bbblanc gras paddingright200&#8243;]\u00danete a nosotros en nuestras reuniones peri\u00f3dicas dirigidas por academias expertas en entrenamiento de porteros. \u00a1Ven a perfeccionar tus metodolog\u00edas de entrenamiento para dominar todas las situaciones de juego![\/vc_column_text][\/vc_column][vc_column css_animation=\u00bbbounceInDown\u00bb width=\u00bb7\/12&#8243;][vc_raw_html css=\u00bb.vc_custom_1710498150348{margin-bottom: 0px !important;}\u00bb el_class=\u00bblogoservice\u00bb]JTNDc3ZnJTIweG1sbnMlM0QlMjJodHRwJTNBJTJGJTJGd3d3LnczLm9yZyUyRjIwMDAlMkZzdmclMjIlMjB4bWxucyUzQXhsaW5rJTNEJTIyaHR0cCUzQSUyRiUyRnd3dy53My5vcmclMkYxOTk5JTJGeGxpbmslMjIlMjB3aWR0aCUzRCUyMjI4NS45OTglMjIlMjBoZWlnaHQlM0QlMjIyMTIuMTc2JTIyJTIwdmlld0JveCUzRCUyMjAlMjAwJTIwMjg1Ljk5OCUyMDIxMi4xNzYlMjIlM0UlMEElMjAlMjAlM0NkZWZzJTNFJTBBJTIwJTIwJTIwJTIwJTNDZmlsdGVyJTIwaWQlM0QlMjJSZWN0YW5nbGVfMTQ4JTIyJTIweCUzRCUyMjAuMDAyJTIyJTIweSUzRCUyMjAlMjIlMjB3aWR0aCUzRCUyMjI4NS45OTglMjIlMjBoZWlnaHQlM0QlMjIyMTIuMTc1JTIyJTIwZmlsdGVyVW5pdHMlM0QlMjJ1c2VyU3BhY2VPblVzZSUyMiUzRSUwQSUyMCUyMCUyMCUyMCUyMCUyMCUzQ2ZlT2Zmc2V0JTIwZHglM0QlMjI1JTIyJTIwZHklM0QlMjI1JTIyJTIwaW5wdXQlM0QlMjJTb3VyY2VBbHBoYSUyMiUyRiUzRSUwQSUyMCUyMCUyMCUyMCUyMCUyMCUzQ2ZlR2F1c3NpYW5CbHVyJTIwc3RkRGV2aWF0aW9uJTNEJTIyMyUyMiUyMHJlc3VsdCUzRCUyMmJsdXIlMjIlMkYlM0UlMEElMjAlMjAlMjAlMjAlMjAlMjAlM0NmZUZsb29kJTIwZmxvb2Qtb3BhY2l0eSUzRCUyMjAuNzQ5JTIyJTJGJTNFJTBBJTIwJTIwJTIwJTIwJTIwJTIwJTNDZmVDb21wb3NpdGUlMjBvcGVyYXRvciUzRCUyMmluJTIyJTIwaW4yJTNEJTIyYmx1ciUyMiUyRiUzRSUwQSUyMCUyMCUyMCUyMCUyMCUyMCUzQ2ZlQ29tcG9zaXRlJTIwaW4lM0QlMjJTb3VyY2VHcmFwaGljJTIyJTJGJTNFJTBBJTIwJTIwJTIwJTIwJTNDJTJGZmlsdGVyJTNFJTBBJTIwJTIwJTIwJTIwJTNDZmlsdGVyJTIwaWQlM0QlMjJUcmFjJUMzJUE5XzE5NiUyMiUyMHglM0QlMjIyMTkuMTE5JTIyJTIweSUzRCUyMjEzNy43MDYlMjIlMjB3aWR0aCUzRCUyMjY2Ljg4MSUyMiUyMGhlaWdodCUzRCUyMjc0LjQ0NyUyMiUyMGZpbHRlclVuaXRzJTNEJTIydXNlclNwYWNlT25Vc2UlMjIlM0UlMEElMjAlMjAlMjAlMjAlMjAlMjAlM0NmZU9mZnNldCUyMGR4JTNEJTIyNSUyMiUyMGR5JTNEJTIyNSUyMiUyMGlucHV0JTNEJTIyU291cmNlQWxwaGElMjIlMkYlM0UlMEElMjAlMjAlMjAlMjAlMjAlMjAlM0NmZUdhdXNzaWFuQmx1ciUyMHN0ZERldmlhdGlvbiUzRCUyMjMlMjIlMjByZXN1bHQlM0QlMjJibHVyLTIlMjIlMkYlM0UlMEElMjAlMjAlMjAlMjAlMjAlMjAlM0NmZUZsb29kJTIwZmxvb2Qtb3BhY2l0eSUzRCUyMjAuNzQ5JTIyJTJGJTNFJTBBJTIwJTIwJTIwJTIwJTIwJTIwJTNDZmVDb21wb3NpdGUlMjBvcGVyYXRvciUzRCUyMmluJTIyJTIwaW4yJTNEJTIyYmx1ci0yJTIyJTJGJTNFJTBBJTIwJTIwJTIwJTIwJTIwJTIwJTNDZmVDb21wb3NpdGUlMjBpbiUzRCUyMlNvdXJjZUdyYXBoaWMlMjIlMkYlM0UlMEElMjAlMjAlMjAlMjAlM0MlMkZmaWx0ZXIlM0UlMEElMjAlMjAlMjAlMjAlM0NmaWx0ZXIlMjBpZCUzRCUyMlRyYWMlQzMlQTlfMTk3JTIyJTIweCUzRCUyMjEzNC44NDclMjIlMjB5JTNEJTIyMTM1LjA5OCUyMiUyMHdpZHRoJTNEJTIyOTguNDg1JTIyJTIwaGVpZ2h0JTNEJTIyNzcuMDU0JTIyJTIwZmlsdGVyVW5pdHMlM0QlMjJ1c2VyU3BhY2VPblVzZSUyMiUzRSUwQSUyMCUyMCUyMCUyMCUyMCUyMCUzQ2ZlT2Zmc2V0JTIwZHglM0QlMjI1JTIyJTIwZHklM0QlMjI1JTIyJTIwaW5wdXQlM0QlMjJTb3VyY2VBbHBoYSUyMiUyRiUzRSUwQSUyMCUyMCUyMCUyMCUyMCUyMCUzQ2ZlR2F1c3NpYW5CbHVyJTIwc3RkRGV2aWF0aW9uJTNEJTIyMyUyMiUyMHJlc3VsdCUzRCUyMmJsdXItMyUyMiUyRiUzRSUwQSUyMCUyMCUyMCUyMCUyMCUyMCUzQ2ZlRmxvb2QlMjBmbG9vZC1vcGFjaXR5JTNEJTIyMC43NDklMjIlMkYlM0UlMEElMjAlMjAlMjAlMjAlMjAlMjAlM0NmZUNvbXBvc2l0ZSUyMG9wZXJhdG9yJTNEJTIyaW4lMjIlMjBpbjIlM0QlMjJibHVyLTMlMjIlMkYlM0UlMEElMjAlMjAlMjAlMjAlMjAlMjAlM0NmZUNvbXBvc2l0ZSUyMGluJTNEJTIyU291cmNlR3JhcGhpYyUyMiUyRiUzRSUwQSUyMCUyMCUyMCUyMCUzQyUyRmZpbHRlciUzRSUwQSUyMCUyMCUyMCUyMCUzQ2ZpbHRlciUyMGlkJTNEJTIyVHJhYyVDMyVBOV8xOTglMjIlMjB4JTNEJTIyMzMuMTA3JTIyJTIweSUzRCUyMjEzOC43NjglMjIlMjB3aWR0aCUzRCUyMjYwLjQ5MyUyMiUyMGhlaWdodCUzRCUyMjczLjQwOCUyMiUyMGZpbHRlclVuaXRzJTNEJTIydXNlclNwYWNlT25Vc2UlMjIlM0UlMEElMjAlMjAlMjAlMjAlMjAlMjAlM0NmZU9mZnNldCUyMGR4JTNEJTIyNSUyMiUyMGR5JTNEJTIyNSUyMiUyMGlucHV0JTNEJTIyU291cmNlQWxwaGElMjIlMkYlM0UlMEElMjAlMjAlMjAlMjAlMjAlMjAlM0NmZUdhdXNzaWFuQmx1ciUyMHN0ZERldmlhdGlvbiUzRCUyMjMlMjIlMjByZXN1bHQlM0QlMjJibHVyLTQlMjIlMkYlM0UlMEElMjAlMjAlMjAlMjAlMjAlMjAlM0NmZUZsb29kJTIwZmxvb2Qtb3BhY2l0eSUzRCUyMjAuNzQ5JTIyJTJGJTNFJTBBJTIwJTIwJTIwJTIwJTIwJTIwJTNDZmVDb21wb3NpdGUlMjBvcGVyYXRvciUzRCUyMmluJTIyJTIwaW4yJTNEJTIyYmx1ci00JTIyJTJGJTNFJTBBJTIwJTIwJTIwJTIwJTIwJTIwJTNDZmVDb21wb3NpdGUlMjBpbiUzRCUyMlNvdXJjZUdyYXBoaWMlMjIlMkYlM0UlMEElMjAlMjAlMjAlMjAlM0MlMkZmaWx0ZXIlM0UlMEElMjAlMjAlMjAlMjAlM0NmaWx0ZXIlMjBpZCUzRCUyMlRyYWMlQzMlQTlfMTk5JTIyJTIweCUzRCUyMjc5LjQwNCUyMiUyMHklM0QlMjIxMzUuNzM5JTIyJTIwd2lkdGglM0QlMjI2Ny42NzclMjIlMjBoZWlnaHQlM0QlMjI3Ni40MTQlMjIlMjBmaWx0ZXJVbml0cyUzRCUyMnVzZXJTcGFjZU9uVXNlJTIyJTNFJTBBJTIwJTIwJTIwJTIwJTIwJTIwJTNDZmVPZmZzZXQlMjBkeCUzRCUyMjUlMjIlMjBkeSUzRCUyMjUlMjIlMjBpbnB1dCUzRCUyMlNvdXJjZUFscGhhJTIyJTJGJTNFJTBBJTIwJTIwJTIwJTIwJTIwJTIwJTNDZmVHYXVzc2lhbkJsdXIlMjBzdGREZXZpYXRpb24lM0QlMjIzJTIyJTIwcmVzdWx0JTNEJTIyYmx1ci01JTIyJTJGJTNFJTBBJTIwJTIwJTIwJTIwJTIwJTIwJTNDZmVGbG9vZCUyMGZsb29kLW9wYWNpdHklM0QlMjIwLjc0OSUyMiUyRiUzRSUwQSUyMCUyMCUyMCUyMCUyMCUyMCUzQ2ZlQ29tcG9zaXRlJTIwb3BlcmF0b3IlM0QlMjJpbiUyMiUyMGluMiUzRCUyMmJsdXItNSUyMiUyRiUzRSUwQSUyMCUyMCUyMCUyMCUyMCUyMCUzQ2ZlQ29tcG9zaXRlJTIwaW4lM0QlMjJTb3VyY2VHcmFwaGljJTIyJTJGJTNFJTBBJTIwJTIwJTIwJTIwJTNDJTJGZmlsdGVyJTNFJTBBJTIwJTIwJTIwJTIwJTNDZmlsdGVyJTIwaWQlM0QlMjJUcmFjJUMzJUE5XzIwNiUyMiUyMHglM0QlMjIwLjAwMiUyMiUyMHklM0QlMjIyOC40NDElMjIlMjB3aWR0aCUzRCUyMjQ4Ljc1MyUyMiUyMGhlaWdodCUzRCUyMjQ4Ljc1NCUyMiUyMGZpbHRlclVuaXRzJTNEJTIydXNlclNwYWNlT25Vc2UlMjIlM0UlMEElMjAlMjAlMjAlMjAlMjAlMjAlM0NmZU9mZnNldCUyMGR4JTNEJTIyNSUyMiUyMGR5JTNEJTIyNSUyMiUyMGlucHV0JTNEJTIyU291cmNlQWxwaGElMjIlMkYlM0UlMEElMjAlMjAlMjAlMjAlMjAlMjAlM0NmZUdhdXNzaWFuQmx1ciUyMHN0ZERldmlhdGlvbiUzRCUyMjMlMjIlMjByZXN1bHQlM0QlMjJibHVyLTYlMjIlMkYlM0UlMEElMjAlMjAlMjAlMjAlMjAlMjAlM0NmZUZsb29kJTIwZmxvb2Qtb3BhY2l0eSUzRCUyMjAuNzQ5JTIyJTJGJTNFJTBBJTIwJTIwJTIwJTIwJTIwJTIwJTNDZmVDb21wb3NpdGUlMjBvcGVyYXRvciUzRCUyMmluJTIyJTIwaW4yJTNEJTIyYmx1ci02JTIyJTJGJTNFJTBBJTIwJTIwJTIwJTIwJTIwJTIwJTNDZmVDb21wb3NpdGUlMjBpbiUzRCUyMlNvdXJjZUdyYXBoaWMlMjIlMkYlM0UlMEElMjAlMjAlMjAlMjAlM0MlMkZmaWx0ZXIlM0UlMEElMjAlMjAlMjAlMjAlM0NmaWx0ZXIlMjBpZCUzRCUyMlRyYWMlQzMlQTlfMjA0JTIyJTIweCUzRCUyMjM0LjEzMSUyMiUyMHklM0QlMjIwJTIyJTIwd2lkdGglM0QlMjIxMTAuODg1JTIyJTIwaGVpZ2h0JTNEJTIyMTMwLjg0MSUyMiUyMGZpbHRlclVuaXRzJTNEJTIydXNlclNwYWNlT25Vc2UlMjIlM0UlMEElMjAlMjAlMjAlMjAlMjAlMjAlM0NmZU9mZnNldCUyMGR4JTNEJTIyNSUyMiUyMGR5JTNEJTIyNSUyMiUyMGlucHV0JTNEJTIyU291cmNlQWxwaGElMjIlMkYlM0UlMEElMjAlMjAlMjAlMjAlMjAlMjAlM0NmZUdhdXNzaWFuQmx1ciUyMHN0ZERldmlhdGlvbiUzRCUyMjMlMjIlMjByZXN1bHQlM0QlMjJibHVyLTclMjIlMkYlM0UlMEElMjAlMjAlMjAlMjAlMjAlMjAlM0NmZUZsb29kJTIwZmxvb2Qtb3BhY2l0eSUzRCUyMjAuNzQ5JTIyJTJGJTNFJTBBJTIwJTIwJTIwJTIwJTIwJTIwJTNDZmVDb21wb3NpdGUlMjBvcGVyYXRvciUzRCUyMmluJTIyJTIwaW4yJTNEJTIyYmx1ci03JTIyJTJGJTNFJTBBJTIwJTIwJTIwJTIwJTIwJTIwJTNDZmVDb21wb3NpdGUlMjBpbiUzRCUyMlNvdXJjZUdyYXBoaWMlMjIlMkYlM0UlMEElMjAlMjAlMjAlMjAlM0MlMkZmaWx0ZXIlM0UlMEElMjAlMjAlMjAlMjAlM0NmaWx0ZXIlMjBpZCUzRCUyMlRyYWMlQzMlQTlfMjA1JTIyJTIweCUzRCUyMjM0LjEzMSUyMiUyMHklM0QlMjIwJTIyJTIwd2lkdGglM0QlMjI2Mi4zMTclMjIlMjBoZWlnaHQlM0QlMjI4Mi4yNzclMjIlMjBmaWx0ZXJVbml0cyUzRCUyMnVzZXJTcGFjZU9uVXNlJTIyJTNFJTBBJTIwJTIwJTIwJTIwJTIwJTIwJTNDZmVPZmZzZXQlMjBkeCUzRCUyMjUlMjIlMjBkeSUzRCUyMjUlMjIlMjBpbnB1dCUzRCUyMlNvdXJjZUFscGhhJTIyJTJGJTNFJTBBJTIwJTIwJTIwJTIwJTIwJTIwJTNDZmVHYXVzc2lhbkJsdXIlMjBzdGREZXZpYXRpb24lM0QlMjIzJTIyJTIwcmVzdWx0JTNEJTIyYmx1ci04JTIyJTJGJTNFJTBBJTIwJTIwJTIwJTIwJTIwJTIwJTNDZmVGbG9vZCUyMGZsb29kLW9wYWNpdHklM0QlMjIwLjc0OSUyMiUyRiUzRSUwQSUyMCUyMCUyMCUyMCUyMCUyMCUzQ2ZlQ29tcG9zaXRlJTIwb3BlcmF0b3IlM0QlMjJpbiUyMiUyMGluMiUzRCUyMmJsdXItOCUyMiUyRiUzRSUwQSUyMCUyMCUyMCUyMCUyMCUyMCUzQ2ZlQ29tcG9zaXRlJTIwaW4lM0QlMjJTb3VyY2VHcmFwaGljJTIyJTJGJTNFJTBBJTIwJTIwJTIwJTIwJTNDJTJGZmlsdGVyJTNFJTBBJTIwJTIwJTIwJTIwJTNDbGluZWFyR3JhZGllbnQlMjBpZCUzRCUyMmxpbmVhci1ncmFkaWVudCUyMiUyMHgxJTNEJTIyMC41NjUlMjIlMjB5MSUzRCUyMjAuMTU4JTIyJTIweDIlM0QlMjIwLjElMjIlMjB5MiUzRCUyMjElMjIlMjBncmFkaWVudFVuaXRzJTNEJTIyb2JqZWN0Qm91bmRpbmdCb3glMjIlM0UlMEElMjAlMjAlMjAlMjAlMjAlMjAlM0NzdG9wJTIwb2Zmc2V0JTNEJTIyMCUyMiUyMHN0b3AtY29sb3IlM0QlMjIlMjNjYzEwYzUlMjIlMkYlM0UlMEElMjAlMjAlMjAlMjAlMjAlMjAlM0NzdG9wJTIwb2Zmc2V0JTNEJTIyMSUyMiUyMHN0b3AtY29sb3IlM0QlMjIlMjM0MGMlMjIlMkYlM0UlMEElMjAlMjAlMjAlMjAlM0MlMkZsaW5lYXJHcmFkaWVudCUzRSUwQSUyMCUyMCUyMCUyMCUzQ2ZpbHRlciUyMGlkJTNEJTIyVW5pb25fMyUyMiUyMHglM0QlMjIwJTIyJTIweSUzRCUyMjAlMjIlMjB3aWR0aCUzRCUyMjI4NS45OTglMjIlMjBoZWlnaHQlM0QlMjIyMTIuMTc2JTIyJTIwZmlsdGVyVW5pdHMlM0QlMjJ1c2VyU3BhY2VPblVzZSUyMiUzRSUwQSUyMCUyMCUyMCUyMCUyMCUyMCUzQ2ZlT2Zmc2V0JTIwZHglM0QlMjI1JTIyJTIwZHklM0QlMjI1JTIyJTIwaW5wdXQlM0QlMjJTb3VyY2VBbHBoYSUyMiUyRiUzRSUwQSUyMCUyMCUyMCUyMCUyMCUyMCUzQ2ZlR2F1c3NpYW5CbHVyJTIwc3RkRGV2aWF0aW9uJTNEJTIyMyUyMiUyMHJlc3VsdCUzRCUyMmJsdXItOSUyMiUyRiUzRSUwQSUyMCUyMCUyMCUyMCUyMCUyMCUzQ2ZlRmxvb2QlMjBmbG9vZC1vcGFjaXR5JTNEJTIyMC43NDklMjIlMkYlM0UlMEElMjAlMjAlMjAlMjAlMjAlMjAlM0NmZUNvbXBvc2l0ZSUyMG9wZXJhdG9yJTNEJTIyaW4lMjIlMjBpbjIlM0QlMjJibHVyLTklMjIlMkYlM0UlMEElMjAlMjAlMjAlMjAlMjAlMjAlM0NmZUNvbXBvc2l0ZSUyMGluJTNEJTIyU291cmNlR3JhcGhpYyUyMiUyRiUzRSUwQSUyMCUyMCUyMCUyMCUzQyUyRmZpbHRlciUzRSUwQSUyMCUyMCUyMCUyMCUzQ2NsaXBQYXRoJTIwaWQlM0QlMjJjbGlwLXBhdGglMjIlM0UlMEElMjAlMjAlMjAlMjAlMjAlMjAlM0NyZWN0JTIwaWQlM0QlMjJSZWN0YW5nbGVfMTQ4LTIlMjIlMjBkYXRhLW5hbWUlM0QlMjJSZWN0YW5nbGUlMjAxNDglMjIlMjB3aWR0aCUzRCUyMjI2Ni45OTglMjIlMjBoZWlnaHQlM0QlMjIxOTMuMTc1JTIyJTIwZmlsbCUzRCUyMm5vbmUlMjIlMkYlM0UlMEElMjAlMjAlMjAlMjAlM0MlMkZjbGlwUGF0aCUzRSUwQSUyMCUyMCUzQyUyRmRlZnMlM0UlMEElMjAlMjAlM0NnJTIwaWQlM0QlMjJHcm91cGVfMjcyJTIyJTIwZGF0YS1uYW1lJTNEJTIyR3JvdXBlJTIwMjcyJTIyJTIwdHJhbnNmb3JtJTNEJTIydHJhbnNsYXRlJTI4LTEwMTQuNSUyMC0xNjcuNTclMjklMjIlM0UlMEElMjAlMjAlMjAlMjAlM0NnJTIwaWQlM0QlMjJHcm91cGVfMjMzJTIyJTIwZGF0YS1uYW1lJTNEJTIyR3JvdXBlJTIwMjMzJTIyJTIwdHJhbnNmb3JtJTNEJTIydHJhbnNsYXRlJTI4MTAxOSUyMDE3Mi4wNyUyOSUyMiUzRSUwQSUyMCUyMCUyMCUyMCUyMCUyMCUzQ2clMjB0cmFuc2Zvcm0lM0QlMjJtYXRyaXglMjgxJTJDJTIwMCUyQyUyMDAlMkMlMjAxJTJDJTIwLTQuNSUyQyUyMC00LjUlMjklMjIlMjBmaWx0ZXIlM0QlMjJ1cmwlMjglMjNVbmlvbl8zJTI5JTIyJTNFJTBBJTIwJTIwJTIwJTIwJTIwJTIwJTIwJTIwJTNDcGF0aCUyMGlkJTNEJTIyVW5pb25fMy0yJTIyJTIwZGF0YS1uYW1lJTNEJTIyVW5pb24lMjAzJTIyJTIwZCUzRCUyMk02MC45MjYlMkMxOTMuMTc2YTI3LjgxNCUyQzI3LjgxNCUyQzAlMkMwJTJDMS04LjM3OS01NC4zMzhsMS40NDElMkMxLjQ0MWEyMC4wMjglMkMyMC4wMjglMkMwJTJDMCUyQzAlMkMxNC4yNyUyQzUuODU5JTJDMjAuNjMzJTJDMjAuNjMzJTJDMCUyQzAlMkMwJTJDNi4zMzktMS4wNzRWMTU1LjRINjAuOTI2YTkuOTU4JTJDOS45NTglMkMwJTJDMCUyQzAlMkMwJTJDMTkuOTE2SDc0LjZ2MTcuODU3Wm0xNTguMTkxLS4wMjFWMTM3LjcwN2gyMy41NDZhMjQuMzM2JTJDMjQuMzM2JTJDMCUyQzAlMkMxJTJDMCUyQzQ4LjY3MmgtNS42ODJ2Ni43NzVabTE3Ljg2NC0yNC42MzNoNS42ODJhNi40NzclMkM2LjQ3NyUyQzAlMkMwJTJDMCUyQzAtMTIuOTUzaC01LjY4MlptLTQwLjUxMiUyQzI0LjYzM1YxNTkuNDM0YTYuNDc2JTJDNi40NzYlMkMwJTJDMCUyQzAtMTIuOTUxJTJDMHYzMy43MjFIMTY1LjY1NVYxNTkuNDM0YTYuNDczJTJDNi40NzMlMkMwJTJDMSUyQzAtMTIuOTQ3JTJDMHYzMy43MjFIMTM0Ljg0NVYxNTkuNDM0YTI0LjMyMyUyQzI0LjMyMyUyQzAlMkMwJTJDMSUyQzM5Ljc0MS0xOC44MiUyQzI0LjMyNiUyQzI0LjMyNiUyQzAlMkMwJTJDMSUyQzM5Ljc0NiUyQzE4LjgydjMzLjcyMVptLTg2LjI1MyUyQzB2LTEwLjg0SDk3LjI2NXYxMC44NEg3OS40VjE1OS40MzRhMjQuMzcyJTJDMjQuMzcyJTJDMCUyQzAlMkMxJTJDMTguNjc0LTIzLjY0NWw0LjQ4MiUyQzQuNDgyYTIwLjAxJTJDMjAuMDElMkMwJTJDMCUyQzAlMkMxNC4yNjUlMkM1Ljg2NyUyQzIwLjI3NyUyQzIwLjI3NyUyQzAlMkMwJTJDMCUyQzYuNDc2LTEuMTI5JTJDMjQuMTczJTJDMjQuMTczJTJDMCUyQzAlMkMxJTJDNC43ODElMkMxNC40MjR2MzMuNzIxWk05Ny4yNjUlMkMxNTkuNDM0djUuMDE4aDEyLjk1MXYtNS4wMThhNi40NzYlMkM2LjQ3NiUyQzAlMkMwJTJDMC0xMi45NTElMkMwWm05LjkzOC0yMy43OTVMNTguNDEzJTJDODYuODUyJTJDNTMuNiUyQzkxLjY2NmwyNC43MjMlMkMyNC43MjNhMTMuMzUlMkMxMy4zNSUyQzAlMkMwJTJDMS0uNDM1JTJDMTkuMjUlMkMxMy43MzMlMkMxMy43MzMlMkMwJTJDMCUyQzEtMTkuMjU0JTJDMGwtMjQuNS0yNC41di0zOC41bDUuMDMtNS4wMjktNS4wMy01LjAzMVYyNC4wNTlMNTQuMjU2JTJDMy45MzhBMTMuNjE0JTJDMTMuNjE0JTJDMCUyQzAlMkMxJTJDNzMuNTElMkMyMy4xODlMNTMuMzg1JTJDNDMuMzE2bDUuMDMxJTJDNS4wMzNMMTAyLjgyNSUyQzMuOTM4YTEzLjczOCUyQzEzLjczOCUyQzAlMkMwJTJDMSUyQzE5LjI1NSUyQzAlMkMxMy43NCUyQzEzLjc0JTJDMCUyQzAlMkMxJTJDMCUyQzE5LjI1Mkw3Ny42NjclMkM2Ny42bDQ4Ljc5JTJDNDguNzkxYTEzLjczOCUyQzEzLjczOCUyQzAlMkMwJTJDMSUyQzAlMkMxOS4yNSUyQzEzLjczMyUyQzEzLjczMyUyQzAlMkMwJTJDMS0xOS4yNTQlMkMwWm0xMzEuNy03Ljg3NVY3Ny44ODVhOS42MjclMkM5LjYyNyUyQzAlMkMwJTJDMC0xOS4yNTUlMkMwdjQ5Ljg3OUgxOTMuODM2Vjc3Ljg4NWE5LjYyNSUyQzkuNjI1JTJDMCUyQzElMkMwLTE5LjI1JTJDMHY0OS44NzlIMTQ4Ljc3Vjc3Ljg4NWEzNS4yOTQlMkMzNS4yOTQlMkMwJTJDMCUyQzElMkMzNS40NDEtMzUuNDQxJTJDMzYuNDE4JTJDMzYuNDE4JTJDMCUyQzAlMkMxJTJDMjIuMzEzJTJDNy44NzclMkMzNi40MzIlMkMzNi40MzIlMkMwJTJDMCUyQzElMkMyMi4zMTgtNy44NzdjMTkuMjUlMkMwJTJDMzUuNDQxJTJDMTUuNzUyJTJDMzUuODc2JTJDMzUuNDQxdjQ5Ljg3OVpNMTMxLjI2OSUyQzExMS41NzYlMkMxMDkuODI2JTJDOTAuMTMzVjQ1Ljk0MWgyNS44MTZ2NzIuMkExOS4xJTJDMTkuMSUyQzAlMkMwJTJDMCUyQzEzMS4yNjklMkMxMTEuNTc2Wk0wJTJDNDMuMzE4QTE0Ljc1NCUyQzE0Ljc1NCUyQzAlMkMwJTJDMSUyQzE0Ljg3NyUyQzI4LjQ0MWExNC44NzclMkMxNC44NzclMkMwJTJDMCUyQzElMkMwJTJDMjkuNzU0QTE0Ljc1OCUyQzE0Ljc1OCUyQzAlMkMwJTJDMSUyQzAlMkM0My4zMThaJTIyJTIwdHJhbnNmb3JtJTNEJTIydHJhbnNsYXRlJTI4NC41JTIwNC41JTI5JTIyJTIwZmlsbCUzRCUyMiUyM2ZmZiUyMiUyMHN0cm9rZSUzRCUyMnJnYmElMjgwJTJDMCUyQzAlMkMwJTI5JTIyJTIwc3Ryb2tlLW1pdGVybGltaXQlM0QlMjIxMCUyMiUyMHN0cm9rZS13aWR0aCUzRCUyMjElMjIlMkYlM0UlMEElMjAlMjAlMjAlMjAlMjAlMjAlM0MlMkZnJTNFJTBBJTIwJTIwJTIwJTIwJTNDJTJGZyUzRSUwQSUyMCUyMCUyMCUyMCUzQ2clMjBpZCUzRCUyMkdyb3VwZV8yNDElMjIlMjBkYXRhLW5hbWUlM0QlMjJHcm91cGUlMjAyNDElMjIlMjB0cmFuc2Zvcm0lM0QlMjJ0cmFuc2xhdGUlMjgxMDE5LjAwMSUyMDE3Mi4wNyUyOSUyMiUzRSUwQSUyMCUyMCUyMCUyMCUyMCUyMCUzQ2clMjBpZCUzRCUyMkdyb3VwZV8yMjYlMjIlMjBkYXRhLW5hbWUlM0QlMjJHcm91cGUlMjAyMjYlMjIlMjB0cmFuc2Zvcm0lM0QlMjJ0cmFuc2xhdGUlMjgwLjAwMSUyMDAuMDAxJTI5JTIyJTNFJTBBJTIwJTIwJTIwJTIwJTIwJTIwJTIwJTIwJTNDZyUyMGlkJTNEJTIyR3JvdXBlXzIyNSUyMiUyMGRhdGEtbmFtZSUzRCUyMkdyb3VwZSUyMDIyNSUyMiUyMGNsaXAtcGF0aCUzRCUyMnVybCUyOCUyM2NsaXAtcGF0aCUyOSUyMiUzRSUwQSUyMCUyMCUyMCUyMCUyMCUyMCUyMCUyMCUyMCUyMCUzQ3BhdGglMjBpZCUzRCUyMlRyYWMlQzMlQTlfMjAwJTIyJTIwZGF0YS1uYW1lJTNEJTIyVHJhYyVDMyVBOSUyMDIwMCUyMiUyMGQlM0QlMjJNMTE0LjA3MiUyQzkuN2EzNi40MjIlMkMzNi40MjIlMkMwJTJDMCUyQzAtMjIuMzE1JTJDNy44NzZBMzYuNDIyJTJDMzYuNDIyJTJDMCUyQzAlMkMwJTJDNjkuNDQyJTJDOS43JTJDMzUuMjk0JTJDMzUuMjk0JTJDMCUyQzAlMkMwJTJDMzQlMkM0NS4xNDJWOTUuMDIzSDU5LjgxNVY0NS4xNDJhOS42MjYlMkM5LjYyNiUyQzAlMkMxJTJDMSUyQzE5LjI1MiUyQzBWOTUuMDIzaDI1LjgxNVY0NS4xNDJhOS42MjYlMkM5LjYyNiUyQzAlMkMxJTJDMSUyQzE5LjI1MiUyQzBWOTUuMDIzaDI1LjgxNVY0NS4xNDJDMTQ5LjUxMyUyQzI1LjQ1MiUyQzEzMy4zMjQlMkM5LjclMkMxMTQuMDcyJTJDOS43JTIyJTIwdHJhbnNmb3JtJTNEJTIydHJhbnNsYXRlJTI4MTE0Ljc2NyUyMDMyLjc0MiUyOSUyMiUyMGZpbGwlM0QlMjIlMjNmZmYlMjIlMkYlM0UlMEElMjAlMjAlMjAlMjAlMjAlMjAlMjAlMjAlMjAlMjAlM0NwYXRoJTIwaWQlM0QlMjJUcmFjJUMzJUE5XzIwMSUyMiUyMGRhdGEtbmFtZSUzRCUyMlRyYWMlQzMlQTklMjAyMDElMjIlMjBkJTNEJTIyTTUxLjk5MyUyQzU4LjY2NyUyQzEzLjkyNiUyQzIwLjZBMTIuNDc0JTJDMTIuNDc0JTJDMCUyQzAlMkMwJTJDNy44JTJDMTcuMVY1My40MTdsMjQuNSUyQzI0LjVhMTMuNzM0JTJDMTMuNzM0JTJDMCUyQzAlMkMwJTJDMTkuMjUyJTJDMCUyQzEzLjM1MyUyQzEzLjM1MyUyQzAlMkMwJTJDMCUyQy40MzgtMTkuMjUyJTIyJTIwdHJhbnNmb3JtJTNEJTIydHJhbnNsYXRlJTI4MjYuMzI5JTIwNTcuNzIlMjklMjIlMjBmaWxsJTNEJTIyJTIzZmZmJTIyJTJGJTNFJTBBJTIwJTIwJTIwJTIwJTIwJTIwJTIwJTIwJTIwJTIwJTNDcGF0aCUyMGlkJTNEJTIyVHJhYyVDMyVBOV8yMDIlMjIlMjBkYXRhLW5hbWUlM0QlMjJUcmFjJUMzJUE5JTIwMjAyJTIyJTIwZCUzRCUyMk00Ni41NCUyQzc2LjEzM0ExOS4xMDUlMkMxOS4xMDUlMkMwJTJDMCUyQzElMkM1MC45MTUlMkM4Mi43VjEwLjVIMjUuMVY1NC42OTNaJTIyJTIwdHJhbnNmb3JtJTNEJTIydHJhbnNsYXRlJTI4ODQuNzI1JTIwMzUuNDQyJTI5JTIyJTIwZmlsbCUzRCUyMiUyM2ZmZiUyMiUyRiUzRSUwQSUyMCUyMCUyMCUyMCUyMCUyMCUyMCUyMCUyMCUyMCUzQ3BhdGglMjBpZCUzRCUyMlRyYWMlQzMlQTlfMjAzJTIyJTIwZGF0YS1uYW1lJTNEJTIyVHJhYyVDMyVBOSUyMDIwMyUyMiUyMGQlM0QlMjJNMTAwLjEyMyUyQzk3LjgyMyUyQzguMjM4JTJDNS45MzglMkM3LjglMkM1LjVWNDRsNzMuMDcxJTJDNzMuMDcxYTEzLjczNCUyQzEzLjczNCUyQzAlMkMwJTJDMCUyQzE5LjI1MiUyQzAlMkMxMy43MzQlMkMxMy43MzQlMkMwJTJDMCUyQzAlMkMwLTE5LjI1MiUyMiUyMHRyYW5zZm9ybSUzRCUyMnRyYW5zbGF0ZSUyODI2LjMyOSUyMDE4LjU2NCUyOSUyMiUyMGZpbGwlM0QlMjIlMjNmZmYlMjIlMkYlM0UlMEElMjAlMjAlMjAlMjAlMjAlMjAlMjAlMjAlM0MlMkZnJTNFJTBBJTIwJTIwJTIwJTIwJTIwJTIwJTNDJTJGZyUzRSUwQSUyMCUyMCUyMCUyMCUyMCUyMCUzQ3BhdGglMjBpZCUzRCUyMlVuaW9uXzIlMjIlMjBkYXRhLW5hbWUlM0QlMjJVbmlvbiUyMDIlMjIlMjBkJTNEJTIyTTYwLjkyNiUyQzE5My4xNzZhMjcuODE0JTJDMjcuODE0JTJDMCUyQzAlMkMxLTguMzc5LTU0LjMzOGwxLjQ0MSUyQzEuNDQxYTIwLjAyOCUyQzIwLjAyOCUyQzAlMkMwJTJDMCUyQzE0LjI3JTJDNS44NTklMkMyMC42MzMlMkMyMC42MzMlMkMwJTJDMCUyQzAlMkM2LjMzOS0xLjA3NFYxNTUuNEg2MC45MjZhOS45NTglMkM5Ljk1OCUyQzAlMkMwJTJDMCUyQzAlMkMxOS45MTZINzQuNnYxNy44NTdabTE1OC4xOTEtLjAyMVYxMzcuNzA3aDIzLjU0NmEyNC4zMzYlMkMyNC4zMzYlMkMwJTJDMCUyQzElMkMwJTJDNDguNjcyaC01LjY4MnY2Ljc3NVptMTcuODY0LTI0LjYzM2g1LjY4MmE2LjQ3NyUyQzYuNDc3JTJDMCUyQzAlMkMwJTJDMC0xMi45NTNoLTUuNjgyWm0tNDAuNTEyJTJDMjQuNjMzVjE1OS40MzRhNi40NzYlMkM2LjQ3NiUyQzAlMkMwJTJDMC0xMi45NTElMkMwdjMzLjcyMUgxNjUuNjU1VjE1OS40MzRhNi40NzMlMkM2LjQ3MyUyQzAlMkMxJTJDMC0xMi45NDclMkMwdjMzLjcyMUgxMzQuODQ1VjE1OS40MzRhMjQuMzIzJTJDMjQuMzIzJTJDMCUyQzAlMkMxJTJDMzkuNzQxLTE4LjgyJTJDMjQuMzI2JTJDMjQuMzI2JTJDMCUyQzAlMkMxJTJDMzkuNzQ2JTJDMTguODJ2MzMuNzIxWm0tODYuMjUzJTJDMHYtMTAuODRIOTcuMjY1djEwLjg0SDc5LjRWMTU5LjQzNGEyNC4zNzIlMkMyNC4zNzIlMkMwJTJDMCUyQzElMkMxOC42NzQtMjMuNjQ1bDQuNDgyJTJDNC40ODJhMjAuMDElMkMyMC4wMSUyQzAlMkMwJTJDMCUyQzE0LjI2NSUyQzUuODY3JTJDMjAuMjc3JTJDMjAuMjc3JTJDMCUyQzAlMkMwJTJDNi40NzYtMS4xMjklMkMyNC4xNzMlMkMyNC4xNzMlMkMwJTJDMCUyQzElMkM0Ljc4MSUyQzE0LjQyNHYzMy43MjFaTTk3LjI2NSUyQzE1OS40MzR2NS4wMThoMTIuOTUxdi01LjAxOGE2LjQ3NiUyQzYuNDc2JTJDMCUyQzAlMkMwLTEyLjk1MSUyQzBabS02My4xMzMtODYuOCUyQzY4LjY5My02OC43YTEzLjczOCUyQzEzLjczOCUyQzAlMkMwJTJDMSUyQzE5LjI1NSUyQzAlMkMxMy43NCUyQzEzLjc0JTJDMCUyQzAlMkMxJTJDMCUyQzE5LjI1MkwzNC4xMzElMkMxMTEuMTMxWm0wLTQ4LjU3NEw1NC4yNTYlMkMzLjkzOEExMy42MTQlMkMxMy42MTQlMkMwJTJDMCUyQzElMkM3My41MSUyQzIzLjE4OUwzNC4xMzElMkM2Mi41NzJaTTAlMkM0My4zMThBMTQuNzU0JTJDMTQuNzU0JTJDMCUyQzAlMkMxJTJDMTQuODc3JTJDMjguNDQxYTE0Ljg3NyUyQzE0Ljg3NyUyQzAlMkMwJTJDMSUyQzAlMkMyOS43NTRBMTQuNzU4JTJDMTQuNzU4JTJDMCUyQzAlMkMxJTJDMCUyQzQzLjMxOFolMjIlMjBzdHJva2UlM0QlMjJyZ2JhJTI4MCUyQzAlMkMwJTJDMCUyOSUyMiUyMHN0cm9rZS1taXRlcmxpbWl0JTNEJTIyMTAlMjIlMjBzdHJva2Utd2lkdGglM0QlMjIxJTIyJTIwZmlsbCUzRCUyMnVybCUyOCUyM2xpbmVhci1ncmFkaWVudCUyOSUyMiUyRiUzRSUwQSUyMCUyMCUyMCUyMCUzQyUyRmclM0UlMEElMjAlMjAlM0MlMkZnJTNFJTBBJTNDJTJGc3ZnJTNF[\/vc_raw_html][vc_single_image image=\u00bb1332&#8243; img_size=\u00bbfull\u00bb alignment=\u00bbcenter\u00bb][\/vc_column][\/vc_row][vc_row full_width=\u00bbstretch_row\u00bb gap=\u00bb35&#8243; equal_height=\u00bbyes\u00bb content_placement=\u00bbmiddle\u00bb el_class=\u00bbdiagonal service1 zindex5&#8243;][vc_column width=\u00bb7\/12&#8243;][vc_single_image image=\u00bb1334&#8243; img_size=\u00bbfull\u00bb alignment=\u00bbcenter\u00bb][\/vc_column][vc_column css_animation=\u00bbfadeInRight\u00bb width=\u00bb5\/12&#8243;][vc_column_text]<\/p>\n<h2><span class=\"blanc\">Concentraciones<\/span> dedicadas a los porteros de f\u00fatbol<\/h2>\n<p>[\/vc_column_text][vc_column_text el_class=\u00bbblanc light\u00bb]Los KIMCAMP te ofrecen una oportunidad \u00fanica de sumergirte en el mundo del coaching de porteros. Conoce a otros apasionados, intercambia ideas y perfecciona tus habilidades bajo la direcci\u00f3n de expertos en el campo.<\/p>\n<p>Ya sea que quieras mejorar tu enfoque para una situaci\u00f3n espec\u00edfica o explorar nuevas t\u00e9cnicas, los KIMCAMP est\u00e1n aqu\u00ed para ayudarte a alcanzar tus objetivos. \u00a1\u00danete a nosotros y dale un impulso a tu coaching de portero![\/vc_column_text][vc_btn title=\u00bbCont\u00e1ctenos\u00bb link=\u00bburl:%23contact|target:_blank\u00bb css=\u00bb.vc_custom_1710580014229{margin-top: 30px !important;}\u00bb][\/vc_column][\/vc_row][vc_row][vc_column][vc_empty_space height=\u00bb500px\u00bb][\/vc_column][\/vc_row][vc_row full_width=\u00bbstretch_row\u00bb content_placement=\u00bbtop\u00bb el_class=\u00bbdiagonal home4&#8243; el_id=\u00bbcontact\u00bb css=\u00bb.vc_custom_1710492825882{padding-top: 60px !important;}\u00bb][vc_column width=\u00bb5\/12&#8243;][vc_column_text el_class=\u00bbfs32 paddingright100&#8243;]<\/p>\n<h2><span class=\"blanc\">\u00bfEst\u00e1 interesado en KIMCAMPS o desea m\u00e1s informaci\u00f3n?<\/span><br \/>\nEstaremos encantados de hablarlo con usted.<\/h2>\n<p>[\/vc_column_text][\/vc_column][vc_column width=\u00bb6\/12&#8243; el_class=\u00bbpaddingright100&#8243;]\n<div class=\"wpcf7 no-js\" id=\"wpcf7-f1674-o1\" lang=\"fr-FR\" dir=\"ltr\" data-wpcf7-id=\"1674\">\n<div class=\"screen-reader-response\"><p role=\"status\" aria-live=\"polite\" aria-atomic=\"true\"><\/p> <ul><\/ul><\/div>\n<form action=\"\/es\/wp-json\/wp\/v2\/pages\/1623#wpcf7-f1674-o1\" method=\"post\" class=\"wpcf7-form init\" aria-label=\"Formulaire de contact\" novalidate=\"novalidate\" data-status=\"init\">\n<fieldset class=\"hidden-fields-container\"><input type=\"hidden\" name=\"_wpcf7\" value=\"1674\" \/><input type=\"hidden\" name=\"_wpcf7_version\" value=\"6.1.5\" \/><input type=\"hidden\" name=\"_wpcf7_locale\" value=\"fr_FR\" \/><input type=\"hidden\" name=\"_wpcf7_unit_tag\" value=\"wpcf7-f1674-o1\" \/><input type=\"hidden\" name=\"_wpcf7_container_post\" value=\"0\" \/><input type=\"hidden\" name=\"_wpcf7_posted_data_hash\" value=\"\" \/><input type=\"hidden\" name=\"_wpcf7cf_hidden_group_fields\" value=\"[]\" \/><input type=\"hidden\" name=\"_wpcf7cf_hidden_groups\" value=\"[]\" \/><input type=\"hidden\" name=\"_wpcf7cf_visible_groups\" value=\"[]\" \/><input type=\"hidden\" name=\"_wpcf7cf_repeaters\" value=\"[]\" \/><input type=\"hidden\" name=\"_wpcf7cf_steps\" value=\"{}\" \/><input type=\"hidden\" name=\"_wpcf7cf_options\" value=\"{&quot;form_id&quot;:1674,&quot;conditions&quot;:[],&quot;settings&quot;:{&quot;animation&quot;:&quot;yes&quot;,&quot;animation_intime&quot;:200,&quot;animation_outtime&quot;:200,&quot;conditions_ui&quot;:&quot;normal&quot;,&quot;notice_dismissed&quot;:false}}\" \/><input type=\"hidden\" name=\"_wpcf7dtx_version\" value=\"5.0.2\" \/><input type=\"hidden\" name=\"_wpcf7_recaptcha_response\" value=\"\" \/>\n<\/fieldset>\n<div class=\"prenom\">\n\t<p><span class=\"wpcf7-form-control-wrap\" data-name=\"prenom\"><input size=\"40\" maxlength=\"400\" class=\"wpcf7-form-control wpcf7-text wpcf7-validates-as-required\" aria-required=\"true\" aria-invalid=\"false\" placeholder=\"Su apellido\" value=\"\" type=\"text\" name=\"prenom\" \/><\/span>\n\t<\/p>\n<\/div>\n<div class=\"nom\">\n\t<p><span class=\"wpcf7-form-control-wrap\" data-name=\"nom\"><input size=\"40\" maxlength=\"400\" class=\"wpcf7-form-control wpcf7-text wpcf7-validates-as-required\" aria-required=\"true\" aria-invalid=\"false\" placeholder=\"Su nombre\" value=\"\" type=\"text\" name=\"nom\" \/><\/span>\n\t<\/p>\n<\/div>\n<div class=\"email\">\n\t<p><span class=\"wpcf7-form-control-wrap\" data-name=\"youremail\"><input size=\"40\" maxlength=\"400\" class=\"wpcf7-form-control wpcf7-email wpcf7-validates-as-required wpcf7-text wpcf7-validates-as-email\" autocomplete=\"email\" aria-required=\"true\" aria-invalid=\"false\" placeholder=\"Su correo electr\u00f3nico\" value=\"\" type=\"email\" name=\"youremail\" \/><\/span>\n\t<\/p>\n<\/div>\n<div class=\"message\">\n\t<p><span class=\"wpcf7-form-control-wrap\" data-name=\"yourmessage\"><textarea cols=\"40\" rows=\"10\" maxlength=\"2000\" class=\"wpcf7-form-control wpcf7-textarea\" aria-invalid=\"false\" placeholder=\"Su mensaje\" name=\"yourmessage\"><\/textarea><\/span>\n\t<\/p>\n<\/div>\n<div class=\"validation\">\n\t<p><span class=\"wpcf7-form-control-wrap\" data-name=\"validation\"><span class=\"wpcf7-form-control wpcf7-checkbox wpcf7-validates-as-required\"><span class=\"wpcf7-list-item first last\"><label><input type=\"checkbox\" name=\"validation[]\" value=\"Al utilizar este formulario de contacto, acepta que Kim almacene y utilice sus datos de acuerdo con nuestra pol\u00edtica de privacidad.\" \/><span class=\"wpcf7-list-item-label\">Al utilizar este formulario de contacto, acepta que Kim almacene y utilice sus datos de acuerdo con nuestra pol\u00edtica de privacidad.<\/span><\/label><\/span><\/span><\/span>\n\t<\/p>\n<\/div>\n<div class=\"envoi\">\n\t<p><input class=\"wpcf7-form-control wpcf7-submit has-spinner\" type=\"submit\" value=\"Enviar\" \/>\n\t<\/p>\n<\/div><div class=\"wpcf7-response-output\" aria-hidden=\"true\"><\/div>\n<\/form>\n<\/div>\n[\/vc_column][\/vc_row]<\/p>\n<\/div>","protected":false},"excerpt":{"rendered":"<p>[vc_row full_width=\u00bbstretch_row\u00bb css=\u00bb.vc_custom_1710410932106{padding-top: 200px !important;padding-bottom: 80px !important;}\u00bb el_class=\u00bbzindex10&#8243;][vc_column [...]","protected":false},"author":1,"featured_media":0,"parent":1607,"menu_order":3,"comment_status":"closed","ping_status":"closed","template":"","meta":{"_acf_changed":false,"footnotes":""},"class_list":["post-1623","page","type-page","status-publish","hentry"],"acf":[],"_links":{"self":[{"href":"https:\/\/kim24.preprod.lesnovateurs.io\/es\/wp-json\/wp\/v2\/pages\/1623","targetHints":{"allow":["GET"]}}],"collection":[{"href":"https:\/\/kim24.preprod.lesnovateurs.io\/es\/wp-json\/wp\/v2\/pages"}],"about":[{"href":"https:\/\/kim24.preprod.lesnovateurs.io\/es\/wp-json\/wp\/v2\/types\/page"}],"author":[{"embeddable":true,"href":"https:\/\/kim24.preprod.lesnovateurs.io\/es\/wp-json\/wp\/v2\/users\/1"}],"replies":[{"embeddable":true,"href":"https:\/\/kim24.preprod.lesnovateurs.io\/es\/wp-json\/wp\/v2\/comments?post=1623"}],"version-history":[{"count":3,"href":"https:\/\/kim24.preprod.lesnovateurs.io\/es\/wp-json\/wp\/v2\/pages\/1623\/revisions"}],"predecessor-version":[{"id":1704,"href":"https:\/\/kim24.preprod.lesnovateurs.io\/es\/wp-json\/wp\/v2\/pages\/1623\/revisions\/1704"}],"up":[{"embeddable":true,"href":"https:\/\/kim24.preprod.lesnovateurs.io\/es\/wp-json\/wp\/v2\/pages\/1607"}],"wp:attachment":[{"href":"https:\/\/kim24.preprod.lesnovateurs.io\/es\/wp-json\/wp\/v2\/media?parent=1623"}],"curies":[{"name":"wp","href":"https:\/\/api.w.org\/{rel}","templated":true}]}}