{"id":1625,"date":"2024-03-12T15:39:05","date_gmt":"2024-03-12T14:39:05","guid":{"rendered":"https:\/\/kim24.preprod.lesnovateurs.io\/les-services\/kimacademy\/"},"modified":"2024-03-16T10:10:38","modified_gmt":"2024-03-16T09:10:38","slug":"kimacademy","status":"publish","type":"page","link":"https:\/\/kim24.preprod.lesnovateurs.io\/es\/servicios\/kimacademy\/","title":{"rendered":"KimAcademy"},"content":{"rendered":"<div class=\"wpb-content-wrapper\"><p>[vc_row full_width=\u00bbstretch_row\u00bb css=\u00bb.vc_custom_1710410932106{padding-top: 200px !important;padding-bottom: 80px !important;}\u00bb el_class=\u00bbzindex10&#8243;][vc_column css_animation=\u00bbfadeInLeft\u00bb width=\u00bb5\/12&#8243;][vc_column_text el_class=\u00bbserviceskim\u00bb]SERVICES KIM[\/vc_column_text][vc_column_text]<\/p>\n<h1><span class=\"blanc\">KIM ACADEMY :<\/span><br \/>\n\u00a1Entrena a<br \/>\ntus porteros<br \/>\npara que<br \/>\ndestaquen!<\/h1>\n<p>[\/vc_column_text][vc_column_text el_class=\u00bbblanc gras paddingright200&#8243;]Una red global de Academias de formaci\u00f3n de porteros, certificadas y dirigidas por educadores profesionales altamente cualificados y con experiencia.[\/vc_column_text][\/vc_column][vc_column css_animation=\u00bbbounceInDown\u00bb width=\u00bb7\/12&#8243;][vc_single_image image=\u00bb1362&#8243; img_size=\u00bb292&#215;203&#8243; alignment=\u00bbright\u00bb el_class=\u00bblogoservice\u00bb][vc_single_image image=\u00bb1332&#8243; img_size=\u00bbfull\u00bb alignment=\u00bbcenter\u00bb][\/vc_column][\/vc_row][vc_row full_width=\u00bbstretch_row\u00bb gap=\u00bb35&#8243; equal_height=\u00bbyes\u00bb content_placement=\u00bbmiddle\u00bb el_class=\u00bbdiagonal service1 zindex5&#8243;][vc_column width=\u00bb7\/12&#8243;][vc_single_image image=\u00bb1334&#8243; img_size=\u00bbfull\u00bb alignment=\u00bbcenter\u00bb][\/vc_column][vc_column css_animation=\u00bbfadeInRight\u00bb width=\u00bb5\/12&#8243;][vc_column_text]<\/p>\n<h2><span class=\"blanc\">Una experiencia<\/span> \u00fanica<\/h2>\n<p>[\/vc_column_text][vc_column_text el_class=\u00bbblanc light\u00bb]Nuestras Academias ofrecen acompa\u00f1amiento de calidad para ayudarte a sacar el m\u00e1ximo provecho de la aplicaci\u00f3n y el ecosistema KIM. Con nuestra f\u00f3rmula KIM-Premium, recibir\u00e1s un apoyo personalizado para maximizar tu potencial.<\/p>\n<p>\u00a1Pero eso no es todo! Las KIM Academias tambi\u00e9n son los organizadores y animadores de los imprescindibles KIM Camps. \u00danete a nosotros en estos eventos emocionantes donde podr\u00e1s mejorar tus habilidades, intercambiar con otros apasionados y sumergirte en el mundo de los porteros de alto nivel.<\/p>\n<p>\u00a1Prep\u00e1rate para alcanzar nuevas cimas con las KIM Academias &#8211; donde la excelencia se convierte en realidad![\/vc_column_text][vc_btn title=\u00bbCont\u00e1ctenos\u00bb link=\u00bburl:%23contact|target:_blank\u00bb css=\u00bb.vc_custom_1710580155162{margin-top: 30px !important;}\u00bb][\/vc_column][\/vc_row][vc_row css=\u00bb.vc_custom_1710413847519{padding-top: 150px !important;padding-bottom: 150px !important;}\u00bb][vc_column width=\u00bb1\/2&#8243; el_class=\u00bbpaddingleft100&#8243;][vc_column_text el_class=\u00bbbleu\u00bb]<\/p>\n<h2><span class=\"blanc\">Calidad<\/span><br \/>\nante todo<\/h2>\n<p>[\/vc_column_text][vc_column_text el_class=\u00bbblanc gras paddingright100&#8243;]Desarrollada en colaboraci\u00f3n con <a href=\"https:\/\/gardiensdebut.fr\/\" target=\"_blank\" rel=\"noopener\">ACAD\u00c9MIE GB D\u00c9VELOPPEMENT<\/a>, la primera academia nacional de porteros, la Academia KIM le ofrece formaciones de calidad, dise\u00f1adas para inspirar y elevar el nivel de juego de los guardametas.[\/vc_column_text][\/vc_column][vc_column width=\u00bb1\/2&#8243;][vc_single_image image=\u00bb1363&#8243; img_size=\u00bb319&#215;283&#8243; alignment=\u00bbcenter\u00bb][\/vc_column][\/vc_row][vc_row full_width=\u00bbstretch_row\u00bb content_placement=\u00bbtop\u00bb el_class=\u00bbdiagonal home4&#8243; el_id=\u00bbcontact\u00bb css=\u00bb.vc_custom_1710492893181{padding-top: 60px !important;}\u00bb][vc_column width=\u00bb5\/12&#8243;][vc_column_text el_class=\u00bbfs32 paddingright100&#8243;]<\/p>\n<h2><span class=\"blanc\">\u00bfEst\u00e1 interesado en KIM ACADEMIES o desea m\u00e1s informaci\u00f3n?<\/span><br \/>\nEstaremos encantados de hablarlo con usted.<\/h2>\n<p>[\/vc_column_text][\/vc_column][vc_column width=\u00bb6\/12&#8243; el_class=\u00bbpaddingright100&#8243;]\n<div class=\"wpcf7 no-js\" id=\"wpcf7-f1674-o1\" lang=\"fr-FR\" dir=\"ltr\" data-wpcf7-id=\"1674\">\n<div class=\"screen-reader-response\"><p role=\"status\" aria-live=\"polite\" aria-atomic=\"true\"><\/p> <ul><\/ul><\/div>\n<form action=\"\/es\/wp-json\/wp\/v2\/pages\/1625#wpcf7-f1674-o1\" method=\"post\" class=\"wpcf7-form init\" aria-label=\"Formulaire de contact\" novalidate=\"novalidate\" data-status=\"init\">\n<fieldset class=\"hidden-fields-container\"><input type=\"hidden\" name=\"_wpcf7\" value=\"1674\" \/><input type=\"hidden\" name=\"_wpcf7_version\" value=\"6.1.5\" \/><input type=\"hidden\" name=\"_wpcf7_locale\" value=\"fr_FR\" \/><input type=\"hidden\" name=\"_wpcf7_unit_tag\" value=\"wpcf7-f1674-o1\" \/><input type=\"hidden\" name=\"_wpcf7_container_post\" value=\"0\" \/><input type=\"hidden\" name=\"_wpcf7_posted_data_hash\" value=\"\" \/><input type=\"hidden\" name=\"_wpcf7cf_hidden_group_fields\" value=\"[]\" \/><input type=\"hidden\" name=\"_wpcf7cf_hidden_groups\" value=\"[]\" \/><input type=\"hidden\" name=\"_wpcf7cf_visible_groups\" value=\"[]\" \/><input type=\"hidden\" name=\"_wpcf7cf_repeaters\" value=\"[]\" \/><input type=\"hidden\" name=\"_wpcf7cf_steps\" value=\"{}\" \/><input type=\"hidden\" name=\"_wpcf7cf_options\" value=\"{&quot;form_id&quot;:1674,&quot;conditions&quot;:[],&quot;settings&quot;:{&quot;animation&quot;:&quot;yes&quot;,&quot;animation_intime&quot;:200,&quot;animation_outtime&quot;:200,&quot;conditions_ui&quot;:&quot;normal&quot;,&quot;notice_dismissed&quot;:false}}\" \/><input type=\"hidden\" name=\"_wpcf7dtx_version\" value=\"5.0.2\" \/><input type=\"hidden\" name=\"_wpcf7_recaptcha_response\" value=\"\" \/>\n<\/fieldset>\n<div class=\"prenom\">\n\t<p><span class=\"wpcf7-form-control-wrap\" data-name=\"prenom\"><input size=\"40\" maxlength=\"400\" class=\"wpcf7-form-control wpcf7-text wpcf7-validates-as-required\" aria-required=\"true\" aria-invalid=\"false\" placeholder=\"Su apellido\" value=\"\" type=\"text\" name=\"prenom\" \/><\/span>\n\t<\/p>\n<\/div>\n<div class=\"nom\">\n\t<p><span class=\"wpcf7-form-control-wrap\" data-name=\"nom\"><input size=\"40\" maxlength=\"400\" class=\"wpcf7-form-control wpcf7-text wpcf7-validates-as-required\" aria-required=\"true\" aria-invalid=\"false\" placeholder=\"Su nombre\" value=\"\" type=\"text\" name=\"nom\" \/><\/span>\n\t<\/p>\n<\/div>\n<div class=\"email\">\n\t<p><span class=\"wpcf7-form-control-wrap\" data-name=\"youremail\"><input size=\"40\" maxlength=\"400\" class=\"wpcf7-form-control wpcf7-email wpcf7-validates-as-required wpcf7-text wpcf7-validates-as-email\" autocomplete=\"email\" aria-required=\"true\" aria-invalid=\"false\" placeholder=\"Su correo electr\u00f3nico\" value=\"\" type=\"email\" name=\"youremail\" \/><\/span>\n\t<\/p>\n<\/div>\n<div class=\"message\">\n\t<p><span class=\"wpcf7-form-control-wrap\" data-name=\"yourmessage\"><textarea cols=\"40\" rows=\"10\" maxlength=\"2000\" class=\"wpcf7-form-control wpcf7-textarea\" aria-invalid=\"false\" placeholder=\"Su mensaje\" name=\"yourmessage\"><\/textarea><\/span>\n\t<\/p>\n<\/div>\n<div class=\"validation\">\n\t<p><span class=\"wpcf7-form-control-wrap\" data-name=\"validation\"><span class=\"wpcf7-form-control wpcf7-checkbox wpcf7-validates-as-required\"><span class=\"wpcf7-list-item first last\"><label><input type=\"checkbox\" name=\"validation[]\" value=\"Al utilizar este formulario de contacto, acepta que Kim almacene y utilice sus datos de acuerdo con nuestra pol\u00edtica de privacidad.\" \/><span class=\"wpcf7-list-item-label\">Al utilizar este formulario de contacto, acepta que Kim almacene y utilice sus datos de acuerdo con nuestra pol\u00edtica de privacidad.<\/span><\/label><\/span><\/span><\/span>\n\t<\/p>\n<\/div>\n<div class=\"envoi\">\n\t<p><input class=\"wpcf7-form-control wpcf7-submit has-spinner\" type=\"submit\" value=\"Enviar\" \/>\n\t<\/p>\n<\/div><div class=\"wpcf7-response-output\" aria-hidden=\"true\"><\/div>\n<\/form>\n<\/div>\n[\/vc_column][\/vc_row]<\/p>\n<\/div>","protected":false},"excerpt":{"rendered":"<p>[vc_row full_width=\u00bbstretch_row\u00bb css=\u00bb.vc_custom_1710410932106{padding-top: 200px !important;padding-bottom: 80px !important;}\u00bb el_class=\u00bbzindex10&#8243;][vc_column [...]","protected":false},"author":1,"featured_media":0,"parent":1607,"menu_order":4,"comment_status":"closed","ping_status":"closed","template":"","meta":{"_acf_changed":false,"footnotes":""},"class_list":["post-1625","page","type-page","status-publish","hentry"],"acf":[],"_links":{"self":[{"href":"https:\/\/kim24.preprod.lesnovateurs.io\/es\/wp-json\/wp\/v2\/pages\/1625","targetHints":{"allow":["GET"]}}],"collection":[{"href":"https:\/\/kim24.preprod.lesnovateurs.io\/es\/wp-json\/wp\/v2\/pages"}],"about":[{"href":"https:\/\/kim24.preprod.lesnovateurs.io\/es\/wp-json\/wp\/v2\/types\/page"}],"author":[{"embeddable":true,"href":"https:\/\/kim24.preprod.lesnovateurs.io\/es\/wp-json\/wp\/v2\/users\/1"}],"replies":[{"embeddable":true,"href":"https:\/\/kim24.preprod.lesnovateurs.io\/es\/wp-json\/wp\/v2\/comments?post=1625"}],"version-history":[{"count":3,"href":"https:\/\/kim24.preprod.lesnovateurs.io\/es\/wp-json\/wp\/v2\/pages\/1625\/revisions"}],"predecessor-version":[{"id":1705,"href":"https:\/\/kim24.preprod.lesnovateurs.io\/es\/wp-json\/wp\/v2\/pages\/1625\/revisions\/1705"}],"up":[{"embeddable":true,"href":"https:\/\/kim24.preprod.lesnovateurs.io\/es\/wp-json\/wp\/v2\/pages\/1607"}],"wp:attachment":[{"href":"https:\/\/kim24.preprod.lesnovateurs.io\/es\/wp-json\/wp\/v2\/media?parent=1625"}],"curies":[{"name":"wp","href":"https:\/\/api.w.org\/{rel}","templated":true}]}}