{"id":1627,"date":"2024-03-12T15:40:03","date_gmt":"2024-03-12T14:40:03","guid":{"rendered":"https:\/\/kim24.preprod.lesnovateurs.io\/mentions-legales\/"},"modified":"2024-03-15T18:03:07","modified_gmt":"2024-03-15T17:03:07","slug":"informacion-juridica","status":"publish","type":"page","link":"https:\/\/kim24.preprod.lesnovateurs.io\/es\/informacion-juridica\/","title":{"rendered":"Informaci\u00f3n juridica"},"content":{"rendered":"<div class=\"wpb-content-wrapper\"><p>[vc_row full_width=\u00bbstretch_row\u00bb css=\u00bb.vc_custom_1710490935884{padding-top: 200px !important;}\u00bb][vc_column css_animation=\u00bbfadeInLeft\u00bb css=\u00bb.vc_custom_1710493180208{padding-bottom: 50px !important;}\u00bb][vc_column_text el_class=\u00bbserviceskim\u00bb]INFORMACI\u00d3N JURIDICA[\/vc_column_text][\/vc_column][\/vc_row][vc_row full_width=\u00bbstretch_row\u00bb equal_height=\u00bbyes\u00bb el_class=\u00bbdiagonal classique\u00bb css=\u00bb.vc_custom_1710491154069{background-color: #000000 !important;}\u00bb][vc_column el_class=\u00bbmax1000&#8243;][vc_column_text el_class=\u00bbblanc\u00bb]Versi\u00f3n 1.0<\/p>\n<h2>INFORMACI\u00d3N EDITORIAL<\/h2>\n<p>&nbsp;<\/p>\n<h3 class=\"wp-block-heading\">Editor<\/h3>\n<p>El sitio web Keeper In Motion (KIM) es propiedad y est\u00e1 gestionado por TechAgency S\u00e0rl, una sociedad de responsabilidad limitada (miembro del Grupo OAKland), con un capital social de 20.000 CHF, con domicilio social en 37, chemin Jacques-Philibert de Sauvage, 1219 Chatelaine \u2013 Suiza, registrada con el n\u00famero CHE-367.723.429, representada por el Sr. James NAUFFRAY que act\u00faa y tiene los poderes necesarios como Presidente.<\/p>\n<p>TechAgency S\u00e0rl est\u00e1 sujeta al IVA y se identifica con el n\u00famero de identificaci\u00f3n individual CHE-367.723.429 MWST.<\/p>\n<p>Director de la publicaci\u00f3n: James NAUFFRAY<\/p>\n<p>&nbsp;<\/p>\n<h2>INFORMACI\u00d3N T\u00c9CNICA<\/h2>\n<h3><strong>Alojamiento<\/strong> :<\/h3>\n<p>OVH<br \/>\n2 rue Kellermann<br \/>\n59100 Roubaix<br \/>\nFrancia<\/p>\n<h3 class=\"wp-block-heading\">Producci\u00f3n t\u00e9cnica :<\/h3>\n<p>Les Novateurs<br \/>\nLes Roches<br \/>\n37160 Abilly<br \/>\nTel: + 33 (0)6 20 16 30 84<br \/>\nCorreo electr\u00f3nico : contact@lesnovateurs.com<\/p>\n<h2 class=\"wp-block-heading\"><\/h2>\n<h2>DERECHOS DE PROPIEDAD INTELECTUAL<\/h2>\n<p>El acceso y uso del Sitio Web Keeper In Motion (KIM) no se entender\u00e1 como concesi\u00f3n de licencia alguna sobre dichos derechos de propiedad.<\/p>\n<p>Cualquier uso, copia, representaci\u00f3n, reproducci\u00f3n, difusi\u00f3n, descarga, publicaci\u00f3n, transferencia o distribuci\u00f3n, total o parcial, de los elementos de este Sitio Web, por cualquier medio, est\u00e1 estrictamente prohibido sin la autorizaci\u00f3n expresa de TECHAGENCY. El incumplimiento de estas restricciones se considerar\u00e1 una infracci\u00f3n que podr\u00e1 comprometer la responsabilidad civil y penal de su autor.<\/p>\n<p>Asimismo, queda terminantemente prohibida la utilizaci\u00f3n o reproducci\u00f3n del nombre TECHAGENCY y\/o su logotipo, o cualquier versi\u00f3n derivada del mismo. Queda prohibida cualquier reproducci\u00f3n total o parcial de estas marcas y\/o logotipos sin la autorizaci\u00f3n expresa de TECHAGENCY.<\/p>\n<p>Esta restricci\u00f3n se aplica igualmente a las marcas y\/o logotipos de los socios comerciales de TECHAGENCY presentes en el Sitio Web.<\/p>\n<h2 class=\"wp-block-heading\"><\/h2>\n<h2>CONFIDENCIALIDAD DE LOS DATOS<\/h2>\n<p>Respetamos su privacidad. La pol\u00edtica de confidencialidad de KIM establece la forma en que KIM utiliza y protege los datos personales que usted pueda proporcionarnos al utilizar este Sitio Web y est\u00e1 disponible en l\u00ednea.<\/p>\n<p>Esta restricci\u00f3n se aplica igualmente a las marcas y\/o logotipos de los socios comerciales de TECHAGENCY presentes en el Sitio Web.<\/p>\n<p>&nbsp;<\/p>\n<h2>RESPONSABILIDAD<\/h2>\n<p>Aunque se han tomado todas las precauciones posibles para garantizar la fiabilidad de la informaci\u00f3n contenida en este sitio, TECHAGENCY declina toda responsabilidad por cualquier error u omisi\u00f3n, o por los resultados que puedan obtenerse del uso de esta informaci\u00f3n.<\/p>\n<p>Todas las personas que naveguen, lean, vean y utilicen el sitio web www.oaklandgrp.com tienen la consideraci\u00f3n de Usuarios.<\/p>\n<p>La informaci\u00f3n contenida en el Sitio Web es de car\u00e1cter estrictamente informativo y no supone ning\u00fan compromiso legal o acuerdo contractual, impl\u00edcito o expl\u00edcito, por parte de TECHAGENCY, que se reserva asimismo la facultad de modificar sus caracter\u00edsticas en cualquier momento.<\/p>\n<p>El Sitio Web puede contener enlaces a otros sitios web o a otras fuentes de Internet. En la medida en que TECHAGENCY no pueda controlar estos sitios y fuentes externas, TECHAGENCY no podr\u00e1 ser considerada responsable de los mismos y declina toda responsabilidad por su contenido, publicidad, productos, servicios y cualquier otro material disponible en o a trav\u00e9s de los mismos. Asimismo, TECHAGENCY no podr\u00e1 ser considerada responsable de ning\u00fan da\u00f1o o perjuicio, probado o alegado, relacionado con el uso o con el hecho de haber confiado en los contenidos, bienes y servicios disponibles en estos sitios o fuentes externas.<\/p>\n<p>&nbsp;<\/p>\n<h2 class=\"wp-block-heading\">LEY APLICABLE Y JURISDICCI\u00d3N<\/h2>\n<p>El presente Aviso Legal se rige e interpreta de conformidad con la legislaci\u00f3n suiza.<\/p>\n<p>En ausencia de una resoluci\u00f3n amistosa, cualquier disputa relacionada con este sitio web y sus avisos legales estar\u00e1 sujeta a la jurisdicci\u00f3n de los tribunales suizos.<\/p>\n<h2>CONTACTO<\/h2>\n<p>Para denunciar cualquier contenido o actividad ilegal, el Usuario puede ponerse en contacto con TECHAGENCY rellenando el formulario \u201cContacto\u201d.[\/vc_column_text][\/vc_column][\/vc_row]<\/p>\n<\/div>","protected":false},"excerpt":{"rendered":"<p>[vc_row full_width=\u00bbstretch_row\u00bb css=\u00bb.vc_custom_1710490935884{padding-top: 200px !important;}\u00bb][vc_column css_animation=\u00bbfadeInLeft\u00bb css=\u00bb.vc_custom_1710493180208{padding-bottom: [...]","protected":false},"author":1,"featured_media":0,"parent":0,"menu_order":0,"comment_status":"closed","ping_status":"closed","template":"","meta":{"_acf_changed":false,"footnotes":""},"class_list":["post-1627","page","type-page","status-publish","hentry"],"acf":[],"_links":{"self":[{"href":"https:\/\/kim24.preprod.lesnovateurs.io\/es\/wp-json\/wp\/v2\/pages\/1627","targetHints":{"allow":["GET"]}}],"collection":[{"href":"https:\/\/kim24.preprod.lesnovateurs.io\/es\/wp-json\/wp\/v2\/pages"}],"about":[{"href":"https:\/\/kim24.preprod.lesnovateurs.io\/es\/wp-json\/wp\/v2\/types\/page"}],"author":[{"embeddable":true,"href":"https:\/\/kim24.preprod.lesnovateurs.io\/es\/wp-json\/wp\/v2\/users\/1"}],"replies":[{"embeddable":true,"href":"https:\/\/kim24.preprod.lesnovateurs.io\/es\/wp-json\/wp\/v2\/comments?post=1627"}],"version-history":[{"count":2,"href":"https:\/\/kim24.preprod.lesnovateurs.io\/es\/wp-json\/wp\/v2\/pages\/1627\/revisions"}],"predecessor-version":[{"id":1650,"href":"https:\/\/kim24.preprod.lesnovateurs.io\/es\/wp-json\/wp\/v2\/pages\/1627\/revisions\/1650"}],"wp:attachment":[{"href":"https:\/\/kim24.preprod.lesnovateurs.io\/es\/wp-json\/wp\/v2\/media?parent=1627"}],"curies":[{"name":"wp","href":"https:\/\/api.w.org\/{rel}","templated":true}]}}