{"id":1629,"date":"2024-03-12T15:39:26","date_gmt":"2024-03-12T14:39:26","guid":{"rendered":"https:\/\/kim24.preprod.lesnovateurs.io\/partenaires\/"},"modified":"2024-04-11T10:42:21","modified_gmt":"2024-04-11T08:42:21","slug":"socios","status":"publish","type":"page","link":"https:\/\/kim24.preprod.lesnovateurs.io\/es\/socios\/","title":{"rendered":"Socios"},"content":{"rendered":"<div class=\"wpb-content-wrapper\"><p>[vc_row full_width=\u00bbstretch_row\u00bb css=\u00bb.vc_custom_1710422166345{padding-top: 200px !important;}\u00bb el_class=\u00bbzindex10&#8243;][vc_column css_animation=\u00bbfadeInLeft\u00bb width=\u00bb5\/12&#8243;][vc_column_text el_class=\u00bbserviceskim\u00bb]SOCIOS[\/vc_column_text][vc_column_text]<\/p>\n<h1><span class=\"blanc\">Juntos<\/span><br \/>\nvamos<br \/>\nm\u00e1s lejos<\/h1>\n<p>[\/vc_column_text][vc_column_text el_class=\u00bbblanc gras paddingright200&#8243;]Con KIM-Keeper In Motion, ofrecemos una aplicaci\u00f3n \u00fanica para evaluar el rendimiento de los porteros.<\/p>\n<p>Para ofrecerte una valiosa soluci\u00f3n integral, nos hemos rodeado de un ecosistema de socios y embajadores de confianza de la aplicaci\u00f3n KIM.[\/vc_column_text][\/vc_column][vc_column width=\u00bb7\/12&#8243;][\/vc_column][\/vc_row][vc_row full_width=\u00bbstretch_row\u00bb gap=\u00bb35&#8243; equal_height=\u00bbyes\u00bb content_placement=\u00bbmiddle\u00bb el_class=\u00bbdiagonal partner zindex5&#8243; css=\u00bb.vc_custom_1710422662487{margin-top: -50px !important;}\u00bb][vc_column][vc_row_inner][vc_column_inner width=\u00bb7\/12&#8243;][\/vc_column_inner][vc_column_inner width=\u00bb5\/12&#8243;][vc_column_text css_animation=\u00bbfadeInRight\u00bb]<\/p>\n<h2>SOCIOS<\/h2>\n<p>[\/vc_column_text][vc_column_text css_animation=\u00bbfadeInRight\u00bb el_class=\u00bbblanc light\u00bb]Nuestros socios son organizaciones y personas con las que mantenemos v\u00ednculos muy estrechos y cuyos conocimientos, competencias o t\u00e9cnicas son \u00fanicos.<\/p>\n<p>Ponen su experiencia al servicio de la calidad de nuestra aplicaci\u00f3n.[\/vc_column_text][\/vc_column_inner][\/vc_row_inner][vc_row_inner css=\u00bb.vc_custom_1712824572241{padding-top: 50px !important;}\u00bb el_class=\u00bbpartners200&#8243;][vc_column_inner width=\u00bb1\/5&#8243;][\/vc_column_inner][vc_column_inner width=\u00bb1\/5&#8243;][vc_single_image image=\u00bb1374&#8243; img_size=\u00bbfull\u00bb alignment=\u00bbcenter\u00bb onclick=\u00bbcustom_link\u00bb img_link_target=\u00bb_blank\u00bb link=\u00bbhttps:\/\/gardiensdebut.fr\/\u00bb][\/vc_column_inner][vc_column_inner width=\u00bb1\/5&#8243;][vc_single_image image=\u00bb1372&#8243; img_size=\u00bbfull\u00bb alignment=\u00bbcenter\u00bb onclick=\u00bbcustom_link\u00bb img_link_target=\u00bb_blank\u00bb link=\u00bbhttps:\/\/district75foot.fff.fr\/\u00bb][\/vc_column_inner][vc_column_inner width=\u00bb1\/5&#8243;][vc_single_image image=\u00bb1373&#8243; img_size=\u00bbfull\u00bb alignment=\u00bbcenter\u00bb onclick=\u00bbcustom_link\u00bb img_link_target=\u00bb_blank\u00bb link=\u00bbhttps:\/\/www.sportsly.fr\/\u00bb][\/vc_column_inner][vc_column_inner width=\u00bb1\/5&#8243;][\/vc_column_inner][\/vc_row_inner][\/vc_column][\/vc_row][vc_row css=\u00bb.vc_custom_1710422610003{padding-top: 50px !important;padding-bottom: 150px !important;}\u00bb][vc_column][vc_row_inner][vc_row css=\u00bb.vc_custom_1710422610003{padding-top: 50px !important;padding-bottom: 150px !important;}\u00bb][vc_column][vc_row_inner][vc_column_inner width=\u00bb1\/3&#8243;][vc_column_text css_animation=\u00bbfadeInLeft\u00bb el_class=\u00bbshadow\u00bb]<\/p>\n<h2>Clubes de embajadores<br \/>\ny entrenadores<\/h2>\n<p>[\/vc_column_text][vc_column_text css_animation=\u00bbfadeInLeft\u00bb el_class=\u00bbblanc gras\u00bb]Los clubes y entrenadores embajadores tienen un aura especial en la regi\u00f3n o el nivel en el que juegan.<\/p>\n<p>Al haber adoptado la aplicaci\u00f3n KIM, ahora est\u00e1n en condiciones de compartir su experiencia contigo.[\/vc_column_text][\/vc_column_inner][vc_column_inner width=\u00bb2\/3&#8243;][\/vc_column_inner][\/vc_row_inner][vc_row_inner el_class=\u00bbpartners\u00bb][vc_column_inner width=\u00bb1\/6&#8243;][vc_single_image image=\u00bb1291&#8243; img_size=\u00bbfull\u00bb alignment=\u00bbcenter\u00bb onclick=\u00bbcustom_link\u00bb img_link_target=\u00bb_blank\u00bb link=\u00bbhttps:\/\/www.strikersfc.com\/\u00bb][\/vc_column_inner][vc_column_inner width=\u00bb1\/6&#8243;][vc_single_image image=\u00bb1293&#8243; img_size=\u00bbfull\u00bb alignment=\u00bbcenter\u00bb onclick=\u00bbcustom_link\u00bb img_link_target=\u00bb_blank\u00bb link=\u00bbhttps:\/\/www.fc-annecy.fr\/\u00bb][\/vc_column_inner][vc_column_inner width=\u00bb1\/6&#8243;][vc_single_image image=\u00bb1292&#8243; img_size=\u00bbfull\u00bb alignment=\u00bbcenter\u00bb onclick=\u00bbcustom_link\u00bb img_link_target=\u00bb_blank\u00bb link=\u00bbhttps:\/\/ligabrasileiradegoleiros.com\/\u00bb][\/vc_column_inner][vc_column_inner width=\u00bb1\/6&#8243;][vc_single_image image=\u00bb1294&#8243; img_size=\u00bbfull\u00bb alignment=\u00bbcenter\u00bb onclick=\u00bbcustom_link\u00bb img_link_target=\u00bb_blank\u00bb link=\u00bbhttps:\/\/etoile-carouge.ch\/\u00bb][\/vc_column_inner][vc_column_inner width=\u00bb1\/6&#8243;][vc_single_image image=\u00bb1290&#8243; img_size=\u00bbfull\u00bb alignment=\u00bbcenter\u00bb onclick=\u00bbcustom_link\u00bb img_link_target=\u00bb_blank\u00bb link=\u00bbhttps:\/\/etoile-carouge.ch\/\u00bb][\/vc_column_inner][vc_column_inner width=\u00bb1\/6&#8243;][vc_single_image image=\u00bb1289&#8243; img_size=\u00bbfull\u00bb alignment=\u00bbcenter\u00bb onclick=\u00bbcustom_link\u00bb img_link_target=\u00bb_blank\u00bb link=\u00bbhttps:\/\/xamax.ch\/\u00bb][\/vc_column_inner][\/vc_row_inner][\/vc_column][\/vc_row][vc_row full_width=\u00bbstretch_row\u00bb content_placement=\u00bbtop\u00bb el_class=\u00bbdiagonal home4&#8243; el_id=\u00bbcontact\u00bb css=\u00bb.vc_custom_1710493080787{padding-top: 60px !important;}\u00bb][vc_column width=\u00bb5\/12&#8243;][vc_column_text el_class=\u00bbfs32 paddingright100&#8243;]<\/p>\n<h2><span class=\"blanc\">\u00bfLe interesa asociarse a KIM?<\/span><br \/>\nEstaremos encantados de hablarlo con usted.<\/h2>\n<p>[\/vc_column_text][\/vc_column][vc_column width=\u00bb6\/12&#8243; el_class=\u00bbpaddingright100&#8243;]\n<div class=\"wpcf7 no-js\" id=\"wpcf7-f1674-o1\" lang=\"fr-FR\" dir=\"ltr\" data-wpcf7-id=\"1674\">\n<div class=\"screen-reader-response\"><p role=\"status\" aria-live=\"polite\" aria-atomic=\"true\"><\/p> <ul><\/ul><\/div>\n<form action=\"\/es\/wp-json\/wp\/v2\/pages\/1629#wpcf7-f1674-o1\" method=\"post\" class=\"wpcf7-form init\" aria-label=\"Formulaire de contact\" novalidate=\"novalidate\" data-status=\"init\">\n<fieldset class=\"hidden-fields-container\"><input type=\"hidden\" name=\"_wpcf7\" value=\"1674\" \/><input type=\"hidden\" name=\"_wpcf7_version\" value=\"6.1.5\" \/><input type=\"hidden\" name=\"_wpcf7_locale\" value=\"fr_FR\" \/><input type=\"hidden\" name=\"_wpcf7_unit_tag\" value=\"wpcf7-f1674-o1\" \/><input type=\"hidden\" name=\"_wpcf7_container_post\" value=\"0\" \/><input type=\"hidden\" name=\"_wpcf7_posted_data_hash\" value=\"\" \/><input type=\"hidden\" name=\"_wpcf7cf_hidden_group_fields\" value=\"[]\" \/><input type=\"hidden\" name=\"_wpcf7cf_hidden_groups\" value=\"[]\" \/><input type=\"hidden\" name=\"_wpcf7cf_visible_groups\" value=\"[]\" \/><input type=\"hidden\" name=\"_wpcf7cf_repeaters\" value=\"[]\" \/><input type=\"hidden\" name=\"_wpcf7cf_steps\" value=\"{}\" \/><input type=\"hidden\" name=\"_wpcf7cf_options\" value=\"{&quot;form_id&quot;:1674,&quot;conditions&quot;:[],&quot;settings&quot;:{&quot;animation&quot;:&quot;yes&quot;,&quot;animation_intime&quot;:200,&quot;animation_outtime&quot;:200,&quot;conditions_ui&quot;:&quot;normal&quot;,&quot;notice_dismissed&quot;:false}}\" \/><input type=\"hidden\" name=\"_wpcf7dtx_version\" value=\"5.0.2\" \/><input type=\"hidden\" name=\"_wpcf7_recaptcha_response\" value=\"\" \/>\n<\/fieldset>\n<div class=\"prenom\">\n\t<p><span class=\"wpcf7-form-control-wrap\" data-name=\"prenom\"><input size=\"40\" maxlength=\"400\" class=\"wpcf7-form-control wpcf7-text wpcf7-validates-as-required\" aria-required=\"true\" aria-invalid=\"false\" placeholder=\"Su apellido\" value=\"\" type=\"text\" name=\"prenom\" \/><\/span>\n\t<\/p>\n<\/div>\n<div class=\"nom\">\n\t<p><span class=\"wpcf7-form-control-wrap\" data-name=\"nom\"><input size=\"40\" maxlength=\"400\" class=\"wpcf7-form-control wpcf7-text wpcf7-validates-as-required\" aria-required=\"true\" aria-invalid=\"false\" placeholder=\"Su nombre\" value=\"\" type=\"text\" name=\"nom\" \/><\/span>\n\t<\/p>\n<\/div>\n<div class=\"email\">\n\t<p><span class=\"wpcf7-form-control-wrap\" data-name=\"youremail\"><input size=\"40\" maxlength=\"400\" class=\"wpcf7-form-control wpcf7-email wpcf7-validates-as-required wpcf7-text wpcf7-validates-as-email\" autocomplete=\"email\" aria-required=\"true\" aria-invalid=\"false\" placeholder=\"Su correo electr\u00f3nico\" value=\"\" type=\"email\" name=\"youremail\" \/><\/span>\n\t<\/p>\n<\/div>\n<div class=\"message\">\n\t<p><span class=\"wpcf7-form-control-wrap\" data-name=\"yourmessage\"><textarea cols=\"40\" rows=\"10\" maxlength=\"2000\" class=\"wpcf7-form-control wpcf7-textarea\" aria-invalid=\"false\" placeholder=\"Su mensaje\" name=\"yourmessage\"><\/textarea><\/span>\n\t<\/p>\n<\/div>\n<div class=\"validation\">\n\t<p><span class=\"wpcf7-form-control-wrap\" data-name=\"validation\"><span class=\"wpcf7-form-control wpcf7-checkbox wpcf7-validates-as-required\"><span class=\"wpcf7-list-item first last\"><label><input type=\"checkbox\" name=\"validation[]\" value=\"Al utilizar este formulario de contacto, acepta que Kim almacene y utilice sus datos de acuerdo con nuestra pol\u00edtica de privacidad.\" \/><span class=\"wpcf7-list-item-label\">Al utilizar este formulario de contacto, acepta que Kim almacene y utilice sus datos de acuerdo con nuestra pol\u00edtica de privacidad.<\/span><\/label><\/span><\/span><\/span>\n\t<\/p>\n<\/div>\n<div class=\"envoi\">\n\t<p><input class=\"wpcf7-form-control wpcf7-submit has-spinner\" type=\"submit\" value=\"Enviar\" \/>\n\t<\/p>\n<\/div><div class=\"wpcf7-response-output\" aria-hidden=\"true\"><\/div>\n<\/form>\n<\/div>\n[\/vc_column][\/vc_row]<\/p>\n<\/div>","protected":false},"excerpt":{"rendered":"<p>[vc_row full_width=\u00bbstretch_row\u00bb css=\u00bb.vc_custom_1710422166345{padding-top: 200px !important;}\u00bb el_class=\u00bbzindex10&#8243;][vc_column css_animation=\u00bbfadeInLeft\u00bb [...]","protected":false},"author":1,"featured_media":0,"parent":0,"menu_order":0,"comment_status":"closed","ping_status":"closed","template":"","meta":{"_acf_changed":false,"footnotes":""},"class_list":["post-1629","page","type-page","status-publish","hentry"],"acf":[],"_links":{"self":[{"href":"https:\/\/kim24.preprod.lesnovateurs.io\/es\/wp-json\/wp\/v2\/pages\/1629","targetHints":{"allow":["GET"]}}],"collection":[{"href":"https:\/\/kim24.preprod.lesnovateurs.io\/es\/wp-json\/wp\/v2\/pages"}],"about":[{"href":"https:\/\/kim24.preprod.lesnovateurs.io\/es\/wp-json\/wp\/v2\/types\/page"}],"author":[{"embeddable":true,"href":"https:\/\/kim24.preprod.lesnovateurs.io\/es\/wp-json\/wp\/v2\/users\/1"}],"replies":[{"embeddable":true,"href":"https:\/\/kim24.preprod.lesnovateurs.io\/es\/wp-json\/wp\/v2\/comments?post=1629"}],"version-history":[{"count":4,"href":"https:\/\/kim24.preprod.lesnovateurs.io\/es\/wp-json\/wp\/v2\/pages\/1629\/revisions"}],"predecessor-version":[{"id":1903,"href":"https:\/\/kim24.preprod.lesnovateurs.io\/es\/wp-json\/wp\/v2\/pages\/1629\/revisions\/1903"}],"wp:attachment":[{"href":"https:\/\/kim24.preprod.lesnovateurs.io\/es\/wp-json\/wp\/v2\/media?parent=1629"}],"curies":[{"name":"wp","href":"https:\/\/api.w.org\/{rel}","templated":true}]}}